{"id":2977,"date":"2018-10-17T12:24:14","date_gmt":"2018-10-17T12:24:14","guid":{"rendered":"http:\/\/miquelperez.com\/?post_type=product&#038;p=2977"},"modified":"2024-06-24T22:26:08","modified_gmt":"2024-06-24T22:26:08","slug":"ausias-march-cants-damor-i-de-mort","status":"publish","type":"product","link":"https:\/\/miquelperez.com\/en\/producto\/ausias-march-cants-damor-i-de-mort\/","title":{"rendered":"Ausi\u00e0s March. Cants d&#8217;amor i de mort"},"content":{"rendered":"<p><strong>TRACKS<\/strong><\/p>\n<ol>\n<li>Pren-me\u2019naix\u00ed 3:45<\/li>\n<li>Colguen les gents 2:11<\/li>\n<li>Qui no \u00e9strist 1:27<\/li>\n<li>Fantasiant 2:08<\/li>\n<li>Lleixant a part 3:10<\/li>\n<li>Lo jorn 1:49<\/li>\n<li>Sens lo deig 1:51<\/li>\n<li>Oh mort 1:43<\/li>\n<li>La carnvolcarn 1:24<\/li>\n<li>Quid\u2019amorfuig 1:03<\/li>\n<li>Trist ab delit 2:02<\/li>\n<li>Oh vos mesquins 2:02<\/li>\n<li>Aix\u00edcomcell 0:39<\/li>\n<li>Aquellesmans 2:41<\/li>\n<li>Jo s\u00f3molttrist 4:22<\/li>\n<li>Veles e vents 4:29<\/li>\n<\/ol>\n<div class=\"cue-playlist-container\">\n<div class=\"cue-playlist cue-theme-default\" itemscope itemtype=\"http:\/\/schema.org\/MusicPlaylist\">\n\t\n\t<meta itemprop=\"numTracks\" content=\"4\" \/>\n\n\t<audio src=\"http:\/\/miquelperez.com\/wp-content\/uploads\/2018\/10\/01-ausias-march.mp3\" controls preload=\"none\" class=\"cue-audio\" style=\"width: 100%; height: auto\"><\/audio>\n\n\t<ol class=\"cue-tracks\">\n\t\t\t\t\t<li class=\"cue-track\" itemprop=\"track\" itemscope itemtype=\"http:\/\/schema.org\/MusicRecording\">\n\t\t\t\t\n\t\t\t\t<span class=\"cue-track-details cue-track-cell\">\n\t\t\t\t\t<span class=\"cue-track-title\" itemprop=\"name\">Pren-me\u2019naix\u00ed<\/span>\n\t\t\t\t\t<span class=\"cue-track-artist\" itemprop=\"byArtist\">Melodemodomies<\/span>\n\t\t\t\t<\/span>\n\n\t\t\t\t\n\t\t\t\t<span class=\"cue-track-length cue-track-cell\">3:45<\/span>\n\n\t\t\t\t\t\t\t<\/li>\n\t\t\t\t\t<li class=\"cue-track\" itemprop=\"track\" itemscope itemtype=\"http:\/\/schema.org\/MusicRecording\">\n\t\t\t\t\n\t\t\t\t<span class=\"cue-track-details cue-track-cell\">\n\t\t\t\t\t<span class=\"cue-track-title\" itemprop=\"name\">Qui no \u00e9strist<\/span>\n\t\t\t\t\t<span class=\"cue-track-artist\" itemprop=\"byArtist\">Melodemodomies<\/span>\n\t\t\t\t<\/span>\n\n\t\t\t\t\n\t\t\t\t<span class=\"cue-track-length cue-track-cell\">1:28<\/span>\n\n\t\t\t\t\t\t\t<\/li>\n\t\t\t\t\t<li class=\"cue-track\" itemprop=\"track\" itemscope itemtype=\"http:\/\/schema.org\/MusicRecording\">\n\t\t\t\t\n\t\t\t\t<span class=\"cue-track-details cue-track-cell\">\n\t\t\t\t\t<span class=\"cue-track-title\" itemprop=\"name\">Trist ab delit<\/span>\n\t\t\t\t\t<span class=\"cue-track-artist\" itemprop=\"byArtist\">Melodemodomies<\/span>\n\t\t\t\t<\/span>\n\n\t\t\t\t\n\t\t\t\t<span class=\"cue-track-length cue-track-cell\">2:02<\/span>\n\n\t\t\t\t\t\t\t<\/li>\n\t\t\t\t\t<li class=\"cue-track\" itemprop=\"track\" itemscope itemtype=\"http:\/\/schema.org\/MusicRecording\">\n\t\t\t\t\n\t\t\t\t<span class=\"cue-track-details cue-track-cell\">\n\t\t\t\t\t<span class=\"cue-track-title\" itemprop=\"name\">Veles e vents<\/span>\n\t\t\t\t\t<span class=\"cue-track-artist\" itemprop=\"byArtist\">Melodemodomies<\/span>\n\t\t\t\t<\/span>\n\n\t\t\t\t\n\t\t\t\t<span class=\"cue-track-length cue-track-cell\">4:29<\/span>\n\n\t\t\t\t\t\t\t<\/li>\n\t\t\t<\/ol>\n\n\t<\/div>\n\t\t<script type=\"application\/json\" class=\"cue-playlist-data\">{\"embed_link\":\"https:\\\/\\\/miquelperez.com\\\/en\\\/?cue_embed=ausias-march&cue_theme=default\",\"permalink\":\"https:\\\/\\\/miquelperez.com\\\/en\\\/?cue_playlist=ausias-march\",\"skin\":\"cue-skin-default\",\"thumbnail\":\"https:\\\/\\\/miquelperez.com\\\/wp-content\\\/uploads\\\/2018\\\/10\\\/ausias-march-400x400.jpg\",\"tracks\":[{\"artist\":\"Melodemodomies\",\"artworkId\":0,\"artworkUrl\":\"\",\"audioId\":2860,\"audioUrl\":\"http:\\\/\\\/miquelperez.com\\\/wp-content\\\/uploads\\\/2018\\\/10\\\/01-ausias-march.mp3\",\"format\":\"mp3\",\"length\":\"3:45\",\"title\":\"Pren-me\\u2019naix\\u00ed\",\"order\":0,\"mp3\":\"http:\\\/\\\/miquelperez.com\\\/wp-content\\\/uploads\\\/2018\\\/10\\\/01-ausias-march.mp3\",\"meta\":{\"artist\":\"Melodemodomies\",\"length_formatted\":\"3:45\"},\"src\":\"http:\\\/\\\/miquelperez.com\\\/wp-content\\\/uploads\\\/2018\\\/10\\\/01-ausias-march.mp3\",\"thumb\":{\"src\":\"\"}},{\"artist\":\"Melodemodomies\",\"artworkId\":0,\"artworkUrl\":\"\",\"audioId\":2863,\"audioUrl\":\"http:\\\/\\\/miquelperez.com\\\/wp-content\\\/uploads\\\/2018\\\/10\\\/03-ausias-march.mp3\",\"format\":\"mp3\",\"length\":\"1:28\",\"title\":\"Qui no \\u00e9strist\",\"order\":1,\"mp3\":\"http:\\\/\\\/miquelperez.com\\\/wp-content\\\/uploads\\\/2018\\\/10\\\/03-ausias-march.mp3\",\"meta\":{\"artist\":\"Melodemodomies\",\"length_formatted\":\"1:28\"},\"src\":\"http:\\\/\\\/miquelperez.com\\\/wp-content\\\/uploads\\\/2018\\\/10\\\/03-ausias-march.mp3\",\"thumb\":{\"src\":\"\"}},{\"artist\":\"Melodemodomies\",\"artworkId\":0,\"artworkUrl\":\"\",\"audioId\":2866,\"audioUrl\":\"http:\\\/\\\/miquelperez.com\\\/wp-content\\\/uploads\\\/2018\\\/10\\\/11-ausias-march.mp3\",\"format\":\"mp3\",\"length\":\"2:02\",\"title\":\"Trist ab delit\",\"order\":2,\"mp3\":\"http:\\\/\\\/miquelperez.com\\\/wp-content\\\/uploads\\\/2018\\\/10\\\/11-ausias-march.mp3\",\"meta\":{\"artist\":\"Melodemodomies\",\"length_formatted\":\"2:02\"},\"src\":\"http:\\\/\\\/miquelperez.com\\\/wp-content\\\/uploads\\\/2018\\\/10\\\/11-ausias-march.mp3\",\"thumb\":{\"src\":\"\"}},{\"artist\":\"Melodemodomies\",\"artworkId\":0,\"artworkUrl\":\"\",\"audioId\":2869,\"audioUrl\":\"http:\\\/\\\/miquelperez.com\\\/wp-content\\\/uploads\\\/2018\\\/10\\\/16-ausias-march.mp3\",\"format\":\"mp3\",\"length\":\"4:29\",\"title\":\"Veles e vents\",\"order\":3,\"mp3\":\"http:\\\/\\\/miquelperez.com\\\/wp-content\\\/uploads\\\/2018\\\/10\\\/16-ausias-march.mp3\",\"meta\":{\"artist\":\"Melodemodomies\",\"length_formatted\":\"4:29\"},\"src\":\"http:\\\/\\\/miquelperez.com\\\/wp-content\\\/uploads\\\/2018\\\/10\\\/16-ausias-march.mp3\",\"thumb\":{\"src\":\"\"}}]}<\/script>\n\t\t<\/div>\n","protected":false},"excerpt":{"rendered":"<h2>Cants d\u2019amor i de mort<\/h2>\n<p>In short, \u201cCants d\u2019amor i de mort\u201d is the project presented by the group Melodemodomies and which intends to say March\u2019s poetry with musical accompaniment composed especially to illustrate the poems by Miquel P\u00e9rez Perell\u00f3. The project has the collaboration of Joan Castej\u00f3n to illustrate the poems with drawings that will be screened in the hall during the recitals, as is already the case with the montage \u201cHomero: Odyssey\u201d. ElTakataka productions will again be responsible for creating the animation with the drawings to adapt it to the live scene.<\/p>\n","protected":false},"featured_media":2857,"comment_status":"open","ping_status":"closed","template":"","meta":{"_et_pb_use_builder":"","_et_pb_old_content":"","_et_gb_content_width":"","_links_to":"","_links_to_target":""},"product_brand":[],"product_cat":[125,324],"product_tag":[],"class_list":{"0":"post-2977","1":"product","2":"type-product","3":"status-publish","4":"has-post-thumbnail","6":"product_cat-discs","7":"product_cat-sin-categorizar","9":"first","10":"instock","11":"taxable","12":"shipping-taxable","13":"purchasable","14":"product-type-simple"},"_links":{"self":[{"href":"https:\/\/miquelperez.com\/en\/wp-json\/wp\/v2\/product\/2977","targetHints":{"allow":["GET"]}}],"collection":[{"href":"https:\/\/miquelperez.com\/en\/wp-json\/wp\/v2\/product"}],"about":[{"href":"https:\/\/miquelperez.com\/en\/wp-json\/wp\/v2\/types\/product"}],"replies":[{"embeddable":true,"href":"https:\/\/miquelperez.com\/en\/wp-json\/wp\/v2\/comments?post=2977"}],"wp:featuredmedia":[{"embeddable":true,"href":"https:\/\/miquelperez.com\/en\/wp-json\/wp\/v2\/media\/2857"}],"wp:attachment":[{"href":"https:\/\/miquelperez.com\/en\/wp-json\/wp\/v2\/media?parent=2977"}],"wp:term":[{"taxonomy":"product_brand","embeddable":true,"href":"https:\/\/miquelperez.com\/en\/wp-json\/wp\/v2\/product_brand?post=2977"},{"taxonomy":"product_cat","embeddable":true,"href":"https:\/\/miquelperez.com\/en\/wp-json\/wp\/v2\/product_cat?post=2977"},{"taxonomy":"product_tag","embeddable":true,"href":"https:\/\/miquelperez.com\/en\/wp-json\/wp\/v2\/product_tag?post=2977"}],"curies":[{"name":"wp","href":"https:\/\/api.w.org\/{rel}","templated":true}]}}