{"id":1930,"date":"2017-04-25T09:22:44","date_gmt":"2017-04-25T09:22:44","guid":{"rendered":"http:\/\/miquelperez.com\/producto\/musica-espanola-para-dos-guitarras\/"},"modified":"2017-08-02T08:48:00","modified_gmt":"2017-08-02T08:48:00","slug":"musica-espanola-para-dos-guitarras","status":"publish","type":"product","link":"https:\/\/miquelperez.com\/en\/producto\/musica-espanola-para-dos-guitarras\/","title":{"rendered":"Musica Espa\u00f1ola para dos Guitarras"},"content":{"rendered":"<p><strong>TEMAS DEL DISCO<\/strong><\/p>\n<p style=\"padding-bottom: 0em!important;\"><strong>LUIGI BOCCHERINI (1743-1805)<br \/>\n<\/strong><strong>QUINTETO EN RE MAYOR G 448 *<\/strong>\n<\/p>\n<ol>\n<li>Grave 1.29<\/li>\n<li>Fandango 10.21<br \/><strong>FERNANDO SOR (1770-1837)<\/strong><br \/>\n<strong>FANTASIA OP. 54<\/strong><\/li>\n<li>Andante allegro 1.23<\/li>\n<li>Andantino 1.06<\/li>\n<li>Minore2.11<\/li>\n<li>Variacion 1.37<\/li>\n<li>Dans le genre Espagnol 5.29\n<p><strong>L\u00b4ENCOURAGEMENT<\/strong><\/li>\n<li>Cantabile 5.22<\/li>\n<li>Theme 0.58<\/li>\n<li>Variacion I 0.59<\/li>\n<li>Variacion II 1.47<\/li>\n<li>Variacion III 1.40<\/li>\n<li>Valse 3.33\n<p><strong>ENRIQUE GRANADOS (1867-1916)<\/strong><\/li>\n<li>DANZA ORIENTAL ** 5.49\n<p><strong>MANUEL DE FALLA (1876-1946)<\/strong><\/li>\n<li>DANZA DEL CORREGIDOR *** 1.52<\/li>\n<li>DANZA DE LA VIDA BREVE **** 3.36<\/li>\n<\/ol>\n<p>* Arr. Vicent Ballester<\/p>\n<p>** Arr. Miguel P\u00e9rez &amp; Vicent Ballester<\/p>\n<p>*** Arr. Graciano Tarrag\u00f3<\/p>\n<p>**** Arr. Emilio Pujol<\/p>\n","protected":false},"excerpt":{"rendered":"<p>Este disco es un trabajo del d\u00fao de guitarras formado por Vicent Ballester y Miguel P\u00e9rez Perell\u00f3. La grabaci\u00f3n del disco fue realizada en la ermita de Sant Joan de Denia, durante el mes de Agosto de 2002, para el sello barcelon\u00e9s\u00a0<a href=\"http:\/\/www.audiovisualsarria.com\/\" target=\"_blank\" rel=\"noopener noreferrer\">Audiovisuals de Sarri\u00e1<\/a>.<\/p>\n","protected":false},"featured_media":484,"comment_status":"open","ping_status":"closed","template":"","meta":{"_et_pb_use_builder":"","_et_pb_old_content":"","_et_gb_content_width":"","_links_to":"","_links_to_target":""},"product_brand":[],"product_cat":[125,324],"product_tag":[],"class_list":{"0":"post-1930","1":"product","2":"type-product","3":"status-publish","4":"has-post-thumbnail","6":"product_cat-discs","7":"product_cat-sin-categorizar","9":"first","10":"outofstock","11":"taxable","12":"shipping-taxable","13":"purchasable","14":"product-type-simple"},"_links":{"self":[{"href":"https:\/\/miquelperez.com\/en\/wp-json\/wp\/v2\/product\/1930","targetHints":{"allow":["GET"]}}],"collection":[{"href":"https:\/\/miquelperez.com\/en\/wp-json\/wp\/v2\/product"}],"about":[{"href":"https:\/\/miquelperez.com\/en\/wp-json\/wp\/v2\/types\/product"}],"replies":[{"embeddable":true,"href":"https:\/\/miquelperez.com\/en\/wp-json\/wp\/v2\/comments?post=1930"}],"wp:featuredmedia":[{"embeddable":true,"href":"https:\/\/miquelperez.com\/en\/wp-json\/wp\/v2\/media\/484"}],"wp:attachment":[{"href":"https:\/\/miquelperez.com\/en\/wp-json\/wp\/v2\/media?parent=1930"}],"wp:term":[{"taxonomy":"product_brand","embeddable":true,"href":"https:\/\/miquelperez.com\/en\/wp-json\/wp\/v2\/product_brand?post=1930"},{"taxonomy":"product_cat","embeddable":true,"href":"https:\/\/miquelperez.com\/en\/wp-json\/wp\/v2\/product_cat?post=1930"},{"taxonomy":"product_tag","embeddable":true,"href":"https:\/\/miquelperez.com\/en\/wp-json\/wp\/v2\/product_tag?post=1930"}],"curies":[{"name":"wp","href":"https:\/\/api.w.org\/{rel}","templated":true}]}}