{"id":3785,"date":"2020-07-31T15:12:34","date_gmt":"2020-07-31T15:12:34","guid":{"rendered":"https:\/\/miquelperez.com\/producto\/partituras-preludios-para-guitarra-basados-en-poemas-de-vicent-andres-estelles-y-otras-piezas\/"},"modified":"2024-06-09T00:13:09","modified_gmt":"2024-06-09T00:13:09","slug":"partituras-preludios-para-guitarra-basados-en-poemas-de-vicent-andres-estelles-y-otras-piezas","status":"publish","type":"product","link":"https:\/\/miquelperez.com\/ca\/producto\/partituras-preludios-para-guitarra-basados-en-poemas-de-vicent-andres-estelles-y-otras-piezas\/","title":{"rendered":"Partituras &#8220;Preludios para guitarra basados en poemas de Vicent Andr\u00e9s Estell\u00e9s y otras piezas&#8221;"},"content":{"rendered":"<p>[et_pb_section fb_built=&#8221;1&#8243; _builder_version=&#8221;3.22&#8243; custom_padding=&#8221;0px||||false|false&#8221;][et_pb_row _builder_version=&#8221;3.25&#8243; background_size=&#8221;initial&#8221; background_position=&#8221;top_left&#8221; background_repeat=&#8221;repeat&#8221; width=&#8221;100%&#8221; custom_padding=&#8221;0px||0px||false|false&#8221;][et_pb_column type=&#8221;4_4&#8243; _builder_version=&#8221;3.25&#8243; custom_padding=&#8221;|||&#8221; custom_padding__hover=&#8221;|||&#8221;][et_pb_wc_breadcrumb _builder_version=&#8221;3.0.47&#8243;][\/et_pb_wc_breadcrumb][et_pb_wc_cart_notice _builder_version=&#8221;3.0.47&#8243;][\/et_pb_wc_cart_notice][\/et_pb_column][\/et_pb_row][et_pb_row column_structure=&#8221;1_2,1_2&#8243; _builder_version=&#8221;3.25&#8243; background_size=&#8221;initial&#8221; background_position=&#8221;top_left&#8221; background_repeat=&#8221;repeat&#8221; width=&#8221;100%&#8221; custom_padding=&#8221;0px||||false|false&#8221;][et_pb_column type=&#8221;1_2&#8243; _builder_version=&#8221;3.25&#8243; custom_padding=&#8221;|||&#8221; custom_padding__hover=&#8221;|||&#8221;][et_pb_wc_images _builder_version=&#8221;3.0.47&#8243;][\/et_pb_wc_images][et_pb_video src=&#8221;https:\/\/www.youtube.com\/watch?v=cWHXM2rQKt8&#8243; _builder_version=&#8221;4.4.8&#8243;][\/et_pb_video][\/et_pb_column][et_pb_column type=&#8221;1_2&#8243; _builder_version=&#8221;3.25&#8243; custom_padding=&#8221;|||&#8221; custom_padding__hover=&#8221;|||&#8221;][et_pb_wc_title _builder_version=&#8221;3.0.47&#8243;][\/et_pb_wc_title][et_pb_wc_rating _builder_version=&#8221;3.0.47&#8243;][\/et_pb_wc_rating][et_pb_wc_price _builder_version=&#8221;3.0.47&#8243;][\/et_pb_wc_price][et_pb_wc_description _builder_version=&#8221;3.0.47&#8243;][\/et_pb_wc_description][et_pb_wc_add_to_cart _builder_version=&#8221;3.0.47&#8243;][\/et_pb_wc_add_to_cart][et_pb_wc_meta _builder_version=&#8221;3.0.47&#8243;][\/et_pb_wc_meta][\/et_pb_column][\/et_pb_row][et_pb_row _builder_version=&#8221;3.25&#8243; background_size=&#8221;initial&#8221; background_position=&#8221;top_left&#8221; background_repeat=&#8221;repeat&#8221; width=&#8221;100%&#8221;][et_pb_column type=&#8221;4_4&#8243; _builder_version=&#8221;3.25&#8243; custom_padding=&#8221;|||&#8221; custom_padding__hover=&#8221;|||&#8221;][et_pb_wc_tabs _builder_version=&#8221;3.0.47&#8243;]\t\t\t\t\t[\/et_pb_wc_tabs][et_pb_wc_upsells _builder_version=&#8221;3.0.47&#8243;][\/et_pb_wc_upsells][et_pb_wc_related_products _builder_version=&#8221;3.0.47&#8243;][\/et_pb_wc_related_products][\/et_pb_column][\/et_pb_row][\/et_pb_section]<\/p>\n","protected":false},"excerpt":{"rendered":"<h3>Preludios para guitarra basados en poemas de Vicent Andr\u00e9s Estell\u00e9s y otras piezas.<\/h3>\n<p>Partituras en formato digital descargable en &#8220;pdf&#8221;<br \/>\nM\u00fasica de Miquel P\u00e9rez Perell\u00f3<br \/>\n58 p\u00e1ginas de m\u00fasica para guitarra de car\u00e1cter mediterr\u00e1neo. Digitadas por el autor.<\/p>\n<p>Al comprar la partitura tienes la opci\u00f3n de descargarte la partitura hasta un m\u00e1ximo de 3 veces.<br \/>\nEl enlace de descarga caduca a los 15 d\u00edas.<\/p>\n","protected":false},"featured_media":3743,"comment_status":"open","ping_status":"closed","template":"","meta":{"_et_pb_use_builder":"on","_et_pb_old_content":"<h3>Preludios para guitarra basados en poemas de Vicent Andr\u00e9s Estell\u00e9s y otras piezas.<\/h3>\r\nM\u00fasica de Miquel P\u00e9rez Perell\u00f358 p\u00e1ginas de m\u00fasica para guitarra de car\u00e1cter mediterr\u00e1neo.\r\nDigitadas por el autor.\r\nAl comprar la partitura tienes la opci\u00f3n de descargarte la partitura hasta un m\u00e1ximo de 3 veces.El enlace de descarga caduca a los 15 d\u00edas.Escucha las partituras en la p\u00e1gina del proyecto en Spotify:\r\n<a href=\"https:\/\/open.spotify.com\/album\/2qk5z5cmLki8GJbkW964t4?si=5nqWDHJ6Sx6-6FedUAZmKQ\" target=\"_blank\" rel=\"noopener\">https:\/\/open.spotify.com\/album\/2qk5z5cmLki8GJbkW964t4?si=5nqWDHJ6Sx6-6FedUAZmKQ<\/a>\r\n\r\nAcceso al proyecto en esta misma web: <a href=\"https:\/\/miquelperez.com\/project\/preludis\/\" target=\"_blank\" rel=\"noopener\">https:\/\/miquelperez.com\/project\/preludis\/<\/a>","_et_gb_content_width":"","_links_to":"","_links_to_target":""},"product_cat":[378],"product_tag":[349,380,382,383],"class_list":{"0":"post-3785","1":"product","2":"type-product","3":"status-publish","4":"has-post-thumbnail","6":"product_cat-partitures","7":"product_tag-miquel-perez-ca","8":"product_tag-partitura-ca","9":"product_tag-preludios-ca","10":"product_tag-vicent-andres-estelles-ca","12":"first","13":"instock","14":"downloadable","15":"virtual","16":"taxable","17":"purchasable","18":"product-type-simple"},"_links":{"self":[{"href":"https:\/\/miquelperez.com\/ca\/wp-json\/wp\/v2\/product\/3785"}],"collection":[{"href":"https:\/\/miquelperez.com\/ca\/wp-json\/wp\/v2\/product"}],"about":[{"href":"https:\/\/miquelperez.com\/ca\/wp-json\/wp\/v2\/types\/product"}],"replies":[{"embeddable":true,"href":"https:\/\/miquelperez.com\/ca\/wp-json\/wp\/v2\/comments?post=3785"}],"wp:featuredmedia":[{"embeddable":true,"href":"https:\/\/miquelperez.com\/ca\/wp-json\/wp\/v2\/media\/3743"}],"wp:attachment":[{"href":"https:\/\/miquelperez.com\/ca\/wp-json\/wp\/v2\/media?parent=3785"}],"wp:term":[{"taxonomy":"product_cat","embeddable":true,"href":"https:\/\/miquelperez.com\/ca\/wp-json\/wp\/v2\/product_cat?post=3785"},{"taxonomy":"product_tag","embeddable":true,"href":"https:\/\/miquelperez.com\/ca\/wp-json\/wp\/v2\/product_tag?post=3785"}],"curies":[{"name":"wp","href":"https:\/\/api.w.org\/{rel}","templated":true}]}}