{"id":2964,"date":"2018-10-17T10:05:33","date_gmt":"2018-10-17T10:05:33","guid":{"rendered":"http:\/\/miquelperez.com\/?post_type=product&#038;p=2964"},"modified":"2020-05-01T07:34:12","modified_gmt":"2020-05-01T07:34:12","slug":"homero-la-odisea-v-o-castella","status":"publish","type":"product","link":"https:\/\/miquelperez.com\/ca\/producto\/homero-la-odisea-v-o-castella\/","title":{"rendered":"Homero: La Odisea  (V.O. Castell\u00e0)"},"content":{"rendered":"<p><strong>TEMES DEL DISC. CD\/DVD<\/strong><\/p>\n<table border=\"0\" width=\"100%\">\n<tbody>\n<tr>\n<td>\n<div align=\"right\">1<\/div>\n<\/td>\n<td>Introducci\u00f3n a la Odisea<\/td>\n<td>\n<div align=\"right\">03:56<\/div>\n<\/td>\n<td><\/td>\n<\/tr>\n<tr>\n<td>\n<div align=\"right\">2<\/div>\n<\/td>\n<td>Tel\u00e9maco va en busca de Ulises<\/td>\n<td>\n<div align=\"right\">07:22<\/div>\n<\/td>\n<td><\/td>\n<\/tr>\n<tr>\n<td>\n<div align=\"right\">3<\/div>\n<\/td>\n<td>Calipso<\/td>\n<td>\n<div align=\"right\">10:31<\/div>\n<\/td>\n<td><\/td>\n<\/tr>\n<tr>\n<td>\n<div align=\"right\">4<\/div>\n<\/td>\n<td>Encuentro con Nausica<\/td>\n<td>\n<div align=\"right\">09:18<\/div>\n<\/td>\n<td><\/td>\n<\/tr>\n<tr>\n<td>\n<div align=\"right\">5<\/div>\n<\/td>\n<td>C\u00edclopes<\/td>\n<td>\n<div align=\"right\">03:51<\/div>\n<\/td>\n<td><\/td>\n<\/tr>\n<tr>\n<td>\n<div align=\"right\">6<\/div>\n<\/td>\n<td>Escila y Caribdis<\/td>\n<td>\n<div align=\"right\">08:16<\/div>\n<\/td>\n<td><\/td>\n<\/tr>\n<tr>\n<td>\n<div align=\"right\">7<\/div>\n<\/td>\n<td>Sirenas<\/td>\n<td>\n<div align=\"right\">06:19<\/div>\n<\/td>\n<td><\/td>\n<\/tr>\n<tr>\n<td>\n<div align=\"right\">8<\/div>\n<\/td>\n<td>Anuncio de la llegada de Ulises<\/td>\n<td>\n<div align=\"right\">01:08<\/div>\n<\/td>\n<td><\/td>\n<\/tr>\n<tr>\n<td>\n<div align=\"right\">9<\/div>\n<\/td>\n<td>Ulises ve su casa<\/td>\n<td>\n<div align=\"right\">00:24<\/div>\n<\/td>\n<td><\/td>\n<\/tr>\n<tr>\n<td>\n<div align=\"right\">10<\/div>\n<\/td>\n<td>Argos<\/td>\n<td>\n<div align=\"right\">02:08<\/div>\n<\/td>\n<td><\/td>\n<\/tr>\n<tr>\n<td>\n<div align=\"right\">11<\/div>\n<\/td>\n<td>Euriclea lava los pies a Ulises<\/td>\n<td>\n<div align=\"right\">03:57<\/div>\n<\/td>\n<td><\/td>\n<\/tr>\n<tr>\n<td>\n<div align=\"right\">12<\/div>\n<\/td>\n<td>Pen\u00e9lope se dirige a los pretendientes<\/td>\n<td>\n<div align=\"right\">01:51<\/div>\n<\/td>\n<td><\/td>\n<\/tr>\n<tr>\n<td>\n<div align=\"right\">13<\/div>\n<\/td>\n<td>Muerte de Antinoo<\/td>\n<td>\n<div align=\"right\">03:57<\/div>\n<\/td>\n<td><\/td>\n<\/tr>\n<tr>\n<td>\n<div align=\"right\">14<\/div>\n<\/td>\n<td>Pen\u00e9lope y Ulises se reconocen<\/td>\n<td>\n<div align=\"right\">04:09<\/div>\n<\/td>\n<td><\/td>\n<\/tr>\n<\/tbody>\n<\/table>\n","protected":false},"excerpt":{"rendered":"<p>(V.O. Castell\u00e0)<br \/>\n\u201cHomer: L\u2019Odissea\u201d \u00e9s una recreaci\u00f3 on diverses manifestacions art\u00edstiques es conjuminen per donar forma al fam\u00f3s viatge d\u2019Ulisses i la seva tornada a casa. \u00cdtaca met\u00e0fora universal i polivalent del viatge intern, vital i personal de cadascun.<br \/>\nEs tracta d\u2019un espectacle po\u00e8tic-musical il\u2022lustrat amb la projecci\u00f3 de dibuixos de Joan Castej\u00f3n i dirigit a un p\u00fablic de totes les edats.<\/p>\n<p>Grup Melodemodomies:<br \/>\nM\u00fasica original i Guitarra: Miquel P\u00e9rez Perell\u00f3.<br \/>\nRapsode: Francisco Javier Gomis.<br \/>\nClarinet, veu, ocean drum i sirena: Maria Jes\u00fas Moreno.<br \/>\nViol\u00ed i sirena: Sandra Alfonso.<br \/>\nPiano: Francisco Jos\u00e9 P\u00e9rez.<br \/>\nIl.lustracions: Joan Castej\u00f3n<br \/>\nAnimaci\u00f3: Eltakataka<br \/>\nDirecci\u00f3 t\u00e9cnica, so i imatge en directe: Ambr\u00f3s Carri\u00f3<\/p>\n","protected":false},"featured_media":2826,"comment_status":"open","ping_status":"closed","template":"","meta":{"_et_pb_use_builder":"","_et_pb_old_content":"","_et_gb_content_width":"","_links_to":"","_links_to_target":""},"product_brand":[],"product_cat":[124,324],"product_tag":[],"class_list":{"0":"post-2964","1":"product","2":"type-product","3":"status-publish","4":"has-post-thumbnail","6":"product_cat-discos-ca","7":"product_cat-sin-categorizar","9":"first","10":"instock","11":"taxable","12":"shipping-taxable","13":"purchasable","14":"product-type-simple"},"_links":{"self":[{"href":"https:\/\/miquelperez.com\/ca\/wp-json\/wp\/v2\/product\/2964","targetHints":{"allow":["GET"]}}],"collection":[{"href":"https:\/\/miquelperez.com\/ca\/wp-json\/wp\/v2\/product"}],"about":[{"href":"https:\/\/miquelperez.com\/ca\/wp-json\/wp\/v2\/types\/product"}],"replies":[{"embeddable":true,"href":"https:\/\/miquelperez.com\/ca\/wp-json\/wp\/v2\/comments?post=2964"}],"wp:featuredmedia":[{"embeddable":true,"href":"https:\/\/miquelperez.com\/ca\/wp-json\/wp\/v2\/media\/2826"}],"wp:attachment":[{"href":"https:\/\/miquelperez.com\/ca\/wp-json\/wp\/v2\/media?parent=2964"}],"wp:term":[{"taxonomy":"product_brand","embeddable":true,"href":"https:\/\/miquelperez.com\/ca\/wp-json\/wp\/v2\/product_brand?post=2964"},{"taxonomy":"product_cat","embeddable":true,"href":"https:\/\/miquelperez.com\/ca\/wp-json\/wp\/v2\/product_cat?post=2964"},{"taxonomy":"product_tag","embeddable":true,"href":"https:\/\/miquelperez.com\/ca\/wp-json\/wp\/v2\/product_tag?post=2964"}],"curies":[{"name":"wp","href":"https:\/\/api.w.org\/{rel}","templated":true}]}}