{"id":1932,"date":"2017-06-10T09:26:30","date_gmt":"2017-06-10T09:26:30","guid":{"rendered":"http:\/\/miquelperez.com\/producto\/marc-granell-recitable\/"},"modified":"2024-03-17T07:22:38","modified_gmt":"2024-03-17T07:22:38","slug":"marc-granell-recitable","status":"publish","type":"product","link":"https:\/\/miquelperez.com\/ca\/producto\/marc-granell-recitable\/","title":{"rendered":"Marc Granell recitable"},"content":{"rendered":"<p><strong>PROGRAMA<\/strong><\/p>\n<ol>\n<li>Naixement del dia<\/li>\n<li>Can\u00e7\u00f3 del mariner<\/li>\n<li>Un home feli\u00e7<\/li>\n<li>La frontera<\/li>\n<li>Terra d\u2019asfalt-Qu\u00e8 passa-Per l\u2019horta<\/li>\n<li>La guerra \u2013 La pau<\/li>\n<li>El fem que fem<\/li>\n<li>Les barquetes del Perell\u00f3<\/li>\n<li>Vents<\/li>\n<li>L\u2019arbre vell<\/li>\n<li>Mai no se sap<\/li>\n<li>La gran fi ra<\/li>\n<li>El meu pa\u00eds- Llarg i prim<\/li>\n<li>L\u2019illa<\/li>\n<li>T\u2019has al\u00e7at dins de mi<\/li>\n<li>Ara s\u00e9 amor que la tristesa \u00e9s no tenir-te<\/li>\n<li>No t\u2019envie avui roses<\/li>\n<li>D\u00f3na\u2019m amor, la m\u00e0<\/li>\n<li>Cul de sac-Desig<\/li>\n<li>Vesprada de festa<\/li>\n<li>Els ocupants<\/li>\n<li>George Grosz<\/li>\n<li>Terra lliure<\/li>\n<li>Banderes<\/li>\n<li>Gare du Nord<\/li>\n<li>Can\u00e7\u00f3 de bressol per a despertar consci\u00e8ncies<\/li>\n<li>El xiquet soldat<\/li>\n<li>Els poetes<\/li>\n<\/ol>\n","protected":false},"excerpt":{"rendered":"<p>CD Libro<br \/>\nEsta propuesta de poes\u00eda y m\u00fasica, nace con el encargo que Ediciones 96 realiza a Vicente Campos y Miguel P\u00e9rez Perell\u00f3, con el objetivo de editar un libro de poemas que incluyera un cd, donde la voz de Vicente dar\u00eda sonido a versos de Marc y la m\u00fasica de Miquel acompa\u00f1ar\u00eda la recitaci\u00f3n, vistiendo cada poema musicalmente seg\u00fan su tem\u00e1tica y contenido.<\/p>\n<p>El resultado ha sido editado, y recopila m\u00e1s de treinta poemas, acompa\u00f1ados con m\u00fasica original, hecha a prop\u00f3sito para la ocasi\u00f3n.<\/p>\n","protected":false},"featured_media":477,"comment_status":"open","ping_status":"closed","template":"","meta":{"_et_pb_use_builder":"","_et_pb_old_content":"","_et_gb_content_width":"","_links_to":"","_links_to_target":""},"product_brand":[],"product_cat":[124,324],"product_tag":[],"class_list":{"0":"post-1932","1":"product","2":"type-product","3":"status-publish","4":"has-post-thumbnail","6":"product_cat-discos-ca","7":"product_cat-sin-categorizar","9":"first","10":"instock","11":"taxable","12":"shipping-taxable","13":"purchasable","14":"product-type-simple"},"_links":{"self":[{"href":"https:\/\/miquelperez.com\/ca\/wp-json\/wp\/v2\/product\/1932","targetHints":{"allow":["GET"]}}],"collection":[{"href":"https:\/\/miquelperez.com\/ca\/wp-json\/wp\/v2\/product"}],"about":[{"href":"https:\/\/miquelperez.com\/ca\/wp-json\/wp\/v2\/types\/product"}],"replies":[{"embeddable":true,"href":"https:\/\/miquelperez.com\/ca\/wp-json\/wp\/v2\/comments?post=1932"}],"wp:featuredmedia":[{"embeddable":true,"href":"https:\/\/miquelperez.com\/ca\/wp-json\/wp\/v2\/media\/477"}],"wp:attachment":[{"href":"https:\/\/miquelperez.com\/ca\/wp-json\/wp\/v2\/media?parent=1932"}],"wp:term":[{"taxonomy":"product_brand","embeddable":true,"href":"https:\/\/miquelperez.com\/ca\/wp-json\/wp\/v2\/product_brand?post=1932"},{"taxonomy":"product_cat","embeddable":true,"href":"https:\/\/miquelperez.com\/ca\/wp-json\/wp\/v2\/product_cat?post=1932"},{"taxonomy":"product_tag","embeddable":true,"href":"https:\/\/miquelperez.com\/ca\/wp-json\/wp\/v2\/product_tag?post=1932"}],"curies":[{"name":"wp","href":"https:\/\/api.w.org\/{rel}","templated":true}]}}