{"id":1926,"date":"2017-05-10T09:20:14","date_gmt":"2017-05-10T09:20:14","guid":{"rendered":"http:\/\/miquelperez.com\/producto\/llibre-de-denia\/"},"modified":"2020-12-11T16:46:45","modified_gmt":"2020-12-11T16:46:45","slug":"un-cant-a-la-terra","status":"publish","type":"product","link":"https:\/\/miquelperez.com\/ca\/producto\/un-cant-a-la-terra\/","title":{"rendered":"Un cant a la terra"},"content":{"rendered":"<p>VICENT ANDR\u00c9S ESTELL\u00c9S (1924-1993)<\/p>\n<ol>\n<li>Introducci\u00f3 (instrumental)<\/li>\n<li>La llibertat\u2026<\/li>\n<li>Foscos combats\u2026<\/li>\n<li>L\u2019altiva llum\u2026\u00a0<strong>El tancat:<\/strong><\/li>\n<li>Clara la llum\u2026<\/li>\n<li>Cos enllacat\u2026<\/li>\n<li>Els capaltards\u2026<\/li>\n<li>Com camperol\u2026<\/li>\n<li>Mire la mar\u2026<\/li>\n<li>Entre els tercets\u2026\u00a0<strong>El temps<\/strong><\/li>\n<li>Sota la terra\u2026<\/li>\n<li>Fonda la rella\u2026<\/li>\n<li>Han rescatat\u2026<\/li>\n<li>Cova de l\u2019aigua\u2026<\/li>\n<li>Com una orant\u2026<\/li>\n<li>El fang antic\u2026<\/li>\n<li>Nom esdentat\u2026<\/li>\n<li>Ac\u00ed hi hagu\u00e9\u2026(poema doble)\u00a0<strong>Record de Ben-Al-Labbana:<\/strong><\/li>\n<li>Adeu, remors de fulles i corol\u00b7les\u2026<\/li>\n<li>Em morir\u00e9 entre els solcs\u2026<\/li>\n<li>Enyorar\u00e9 de Xabia a Calp..<\/li>\n<li>Intro els llocs (Instrumental)\u00a0<strong>Els llocs:<\/strong><\/li>\n<li>El Saladar\u2026<\/li>\n<li>Com un gravat\u2026<\/li>\n<li>Era la nit de la pirateria\u2026<\/li>\n<li>Episcopal\u2026<\/li>\n<li>Interiors de cavallets de mar\u2026<\/li>\n<li>Dintre l\u2019aplec\u2026<\/li>\n<li>Em cremar\u00e9\u2026<\/li>\n<li>Els paredons d\u2019espesse\u00efda murta\u2026\u00a0<strong>Boqueta Nit:<\/strong><\/li>\n<li>Res com a\u00e7\u00f3\u2026<\/li>\n<\/ol>\n","protected":false},"excerpt":{"rendered":"<p>La composici\u00f3n y arreglo musical han sido realizadas por Miquel P\u00e9rez, con la colaboraci\u00f3n y direcci\u00f3n art\u00edstica de Mar\u00eda Jes\u00fas Moreno, profesora de composici\u00f3n del Conservatorio Profesional de M\u00fasica de \u201cVelluters\u201d en Val\u00e9ncia y Tom\u00e0s Llopis (poeta).<\/p>\n<p>Ha sido producido por Mark Dasousa en los \u201cAtomic Estudios\u201d en D\u00e9nia de febrero a septiembre del 2012.<\/p>\n","protected":false},"featured_media":2980,"comment_status":"open","ping_status":"closed","template":"","meta":{"_et_pb_use_builder":"","_et_pb_old_content":"","_et_gb_content_width":"","_links_to":"","_links_to_target":""},"product_brand":[],"product_cat":[124],"product_tag":[],"class_list":{"0":"post-1926","1":"product","2":"type-product","3":"status-publish","4":"has-post-thumbnail","6":"product_cat-discos-ca","7":"product_shipping_class-envio-por-correos-ca","9":"first","10":"instock","11":"taxable","12":"shipping-taxable","13":"purchasable","14":"product-type-simple"},"_links":{"self":[{"href":"https:\/\/miquelperez.com\/ca\/wp-json\/wp\/v2\/product\/1926","targetHints":{"allow":["GET"]}}],"collection":[{"href":"https:\/\/miquelperez.com\/ca\/wp-json\/wp\/v2\/product"}],"about":[{"href":"https:\/\/miquelperez.com\/ca\/wp-json\/wp\/v2\/types\/product"}],"replies":[{"embeddable":true,"href":"https:\/\/miquelperez.com\/ca\/wp-json\/wp\/v2\/comments?post=1926"}],"wp:featuredmedia":[{"embeddable":true,"href":"https:\/\/miquelperez.com\/ca\/wp-json\/wp\/v2\/media\/2980"}],"wp:attachment":[{"href":"https:\/\/miquelperez.com\/ca\/wp-json\/wp\/v2\/media?parent=1926"}],"wp:term":[{"taxonomy":"product_brand","embeddable":true,"href":"https:\/\/miquelperez.com\/ca\/wp-json\/wp\/v2\/product_brand?post=1926"},{"taxonomy":"product_cat","embeddable":true,"href":"https:\/\/miquelperez.com\/ca\/wp-json\/wp\/v2\/product_cat?post=1926"},{"taxonomy":"product_tag","embeddable":true,"href":"https:\/\/miquelperez.com\/ca\/wp-json\/wp\/v2\/product_tag?post=1926"}],"curies":[{"name":"wp","href":"https:\/\/api.w.org\/{rel}","templated":true}]}}