{"id":1266,"date":"2017-06-03T19:35:04","date_gmt":"2017-06-03T19:35:04","guid":{"rendered":"http:\/\/miquelperez.com\/producto\/homer-lodissea\/"},"modified":"2024-12-02T23:25:59","modified_gmt":"2024-12-02T23:25:59","slug":"homer-lodissea","status":"publish","type":"product","link":"https:\/\/miquelperez.com\/ca\/producto\/homer-lodissea\/","title":{"rendered":"Homer: L&#8217;Odissea  (V.O. Valenci\u00e0)"},"content":{"rendered":"<p><strong>TEMES DEL DISC. CD\/DVD<\/strong><\/p>\n<table border=\"0\" width=\"100%\">\n<tbody>\n<tr>\n<td>\n<div align=\"right\">1<\/div>\n<\/td>\n<td>Introducci\u00f3 a l\u2019Odissea<\/td>\n<td>\n<div align=\"right\">03:56<\/div>\n<\/td>\n<td><\/td>\n<\/tr>\n<tr>\n<td>\n<div align=\"right\">2<\/div>\n<\/td>\n<td>Tel\u00e8mac va a cercar Ulisses<\/td>\n<td>\n<div align=\"right\">07:22<\/div>\n<\/td>\n<td><\/td>\n<\/tr>\n<tr>\n<td>\n<div align=\"right\">3<\/div>\n<\/td>\n<td>Calipso<\/td>\n<td>\n<div align=\"right\">10:31<\/div>\n<\/td>\n<td><\/td>\n<\/tr>\n<tr>\n<td>\n<div align=\"right\">4<\/div>\n<\/td>\n<td>Encontre amb Nausica<\/td>\n<td>\n<div align=\"right\">09:18<\/div>\n<\/td>\n<td><\/td>\n<\/tr>\n<tr>\n<td>\n<div align=\"right\">5<\/div>\n<\/td>\n<td>Ciclops<\/td>\n<td>\n<div align=\"right\">03:51<\/div>\n<\/td>\n<td><\/td>\n<\/tr>\n<tr>\n<td>\n<div align=\"right\">6<\/div>\n<\/td>\n<td>Escil\u2022la i Caribdis<\/td>\n<td>\n<div align=\"right\">08:16<\/div>\n<\/td>\n<td><\/td>\n<\/tr>\n<tr>\n<td>\n<div align=\"right\">7<\/div>\n<\/td>\n<td>Sirenes<\/td>\n<td>\n<div align=\"right\">06:19<\/div>\n<\/td>\n<td><\/td>\n<\/tr>\n<tr>\n<td>\n<div align=\"right\">8<\/div>\n<\/td>\n<td>Anunci de l\u2019arribada d\u2019Ulisses<\/td>\n<td>\n<div align=\"right\">01:08<\/div>\n<\/td>\n<td><\/td>\n<\/tr>\n<tr>\n<td>\n<div align=\"right\">9<\/div>\n<\/td>\n<td>Ulisses veu sa casa<\/td>\n<td>\n<div align=\"right\">00:24<\/div>\n<\/td>\n<td><\/td>\n<\/tr>\n<tr>\n<td>\n<div align=\"right\">10<\/div>\n<\/td>\n<td>Argos<\/td>\n<td>\n<div align=\"right\">02:08<\/div>\n<\/td>\n<td><\/td>\n<\/tr>\n<tr>\n<td>\n<div align=\"right\">11<\/div>\n<\/td>\n<td>Euriclea renta els peus a Ulisses<\/td>\n<td>\n<div align=\"right\">03:57<\/div>\n<\/td>\n<td><\/td>\n<\/tr>\n<tr>\n<td>\n<div align=\"right\">12<\/div>\n<\/td>\n<td>Pen\u00e8lope s\u2019adre\u00e7a als pretendents<\/td>\n<td>\n<div align=\"right\">01:51<\/div>\n<\/td>\n<td><\/td>\n<\/tr>\n<tr>\n<td>\n<div align=\"right\">13<\/div>\n<\/td>\n<td>Mort d\u2019Ant\u00ednous<\/td>\n<td>\n<div align=\"right\">03:57<\/div>\n<\/td>\n<td><\/td>\n<\/tr>\n<tr>\n<td>\n<div align=\"right\">14<\/div>\n<\/td>\n<td>Pen\u00e8lope i Ulisses es reconeixen<\/td>\n<td>\n<div align=\"right\">04:09<\/div>\n<\/td>\n<td><\/td>\n<\/tr>\n<\/tbody>\n<\/table>\n","protected":false},"excerpt":{"rendered":"<p>CD-DVD<br \/>\n(V.O. Valenci\u00e0)<br \/>\nMelodemodomies \u00e9s un nom de fusi\u00f3, en el m\u00e9s estricte sentit musical. Seguint la tradici\u00f3, la melodia de la lira acompany\u00e0 el rapsode Dem\u00f2doc quan, al cant VIII de l\u2019Odissea, va recitar primer la hist\u00f2ria dels amors d\u2019Ares i Afrodita i despr\u00e9s la destrucci\u00f3 de Troia mentre \u201cUlisses es consumia, i el plor, des dels ulls, li mullava les galtes.\u201d (VIII, 521-522).<br \/>\n\u201cHomer: L\u2019Odissea\u201d \u00e9s una recreaci\u00f3 on diverses manifestacions art\u00edstiques es conjuminen per donar forma al fam\u00f3s viatge d\u2019Ulisses i la seva tornada a casa. \u00cdtaca met\u00e0fora universal i polivalent del viatge intern, vital i personal de cadascun.<br \/>\nEs tracta d\u2019un espectacle po\u00e8tic-musical il\u2022lustrat amb la projecci\u00f3 de dibuixos de Joan Castej\u00f3n i dirigit a un p\u00fablic de totes les edats.<\/p>\n<p><strong>Grup Melodemodomies:<\/strong><br \/>\nM\u00fasica original i Guitarra: Miquel P\u00e9rez Perell\u00f3.<br \/>\nRapsode i selecci\u00f3 de textos: Tom\u00e0s Llopis.<br \/>\nClarinet, veu, ocean drum i sirena: Maria Jes\u00fas Moreno.<br \/>\nViol\u00ed i sirena: Sandra Alfonso.<br \/>\nPiano: Francisco Jos\u00e9 P\u00e9rez.<br \/>\nIl.lustracions: Joan Castej\u00f3n<br \/>\nAnimaci\u00f3: Eltakataka<br \/>\nDirecci\u00f3 t\u00e9cnica, so i imatge en directe: Ambr\u00f3s Carri\u00f3<\/p>\n","protected":false},"featured_media":492,"comment_status":"open","ping_status":"closed","template":"","meta":{"_et_pb_use_builder":"","_et_pb_old_content":"","_et_gb_content_width":"","_links_to":"","_links_to_target":""},"product_cat":[124,324],"product_tag":[],"class_list":{"0":"post-1266","1":"product","2":"type-product","3":"status-publish","4":"has-post-thumbnail","6":"product_cat-discos-ca","7":"product_cat-sin-categorizar","9":"first","10":"instock","11":"taxable","12":"shipping-taxable","13":"purchasable","14":"product-type-simple"},"_links":{"self":[{"href":"https:\/\/miquelperez.com\/ca\/wp-json\/wp\/v2\/product\/1266"}],"collection":[{"href":"https:\/\/miquelperez.com\/ca\/wp-json\/wp\/v2\/product"}],"about":[{"href":"https:\/\/miquelperez.com\/ca\/wp-json\/wp\/v2\/types\/product"}],"replies":[{"embeddable":true,"href":"https:\/\/miquelperez.com\/ca\/wp-json\/wp\/v2\/comments?post=1266"}],"wp:featuredmedia":[{"embeddable":true,"href":"https:\/\/miquelperez.com\/ca\/wp-json\/wp\/v2\/media\/492"}],"wp:attachment":[{"href":"https:\/\/miquelperez.com\/ca\/wp-json\/wp\/v2\/media?parent=1266"}],"wp:term":[{"taxonomy":"product_cat","embeddable":true,"href":"https:\/\/miquelperez.com\/ca\/wp-json\/wp\/v2\/product_cat?post=1266"},{"taxonomy":"product_tag","embeddable":true,"href":"https:\/\/miquelperez.com\/ca\/wp-json\/wp\/v2\/product_tag?post=1266"}],"curies":[{"name":"wp","href":"https:\/\/api.w.org\/{rel}","templated":true}]}}