{"id":1265,"date":"2017-05-20T19:54:10","date_gmt":"2017-05-20T19:54:10","guid":{"rendered":"http:\/\/miquelperez.com\/producto\/lluvia-acida\/"},"modified":"2017-08-01T11:40:25","modified_gmt":"2017-08-01T11:40:25","slug":"lluvia-acida","status":"publish","type":"product","link":"https:\/\/miquelperez.com\/ca\/producto\/lluvia-acida\/","title":{"rendered":"Lluvia \u00e1cida &#8220;Gota a gota&#8221;"},"content":{"rendered":"<p>Tras que venti tantos a\u00f1os transcurriesen con sus noches tormentosas,\u00a0<strong>Lluvia \u00e1cida<\/strong> presenta <strong>\u201cgota a gota\u201d<\/strong>.<br \/>\nUna recopilaci\u00f3n de 23 temas entre los que se muestran diferentes estilos rechinaos y recitaos.<br \/>\n\u201cGota a gota\u201d\u00a0no es m\u00e1s que un juguete para sus autores: Miquel P\u00e9rez y Pepu Sule.<\/p>\n<p><strong>En la grabaci\u00f3n del cd han participado:<br \/>\n<\/strong>Guitarra y arreglos: Miquel P\u00e9rez<br \/>\nVoz y textos: Pepu Sule<br \/>\nCaj\u00f3n flamenco, bongos y bater\u00eda: Jaume Puig<br \/>\nPiano y xil\u00f3fono: Pau Chafer<br \/>\nIlustraciones: Pepu Sule.<br \/>\nGrabado y mezclado: Pau Chafer en RCE estudios<\/p>\n<p class=\"font_8\">REPERTORIO<\/p>\n<ol class=\"font_8\">\n<li>Los Kikos<\/li>\n<li>La Flor<\/li>\n<li>La ni\u00f1a del carro de metal<\/li>\n<li>Linda princesa<\/li>\n<li>Los relojes<\/li>\n<li>Rinc\u00f3n del callej\u00f3n<\/li>\n<li>Leyenda del manzano<\/li>\n<li>Madres con escoba<\/li>\n<li>Pez de mar<\/li>\n<li>Ay qu\u00e9 bien<\/li>\n<li>El tablero<\/li>\n<li>Solos<\/li>\n<li>R\u00edase la gente<\/li>\n<li>El afinador<\/li>\n<li>La mula del Joan<\/li>\n<li>El puzle<\/li>\n<li>La luna de papel<\/li>\n<li>Santiago<\/li>\n<li>Alberto<\/li>\n<li>Mu\u00f1equita de trapo<\/li>\n<li>Mi amigo tic tac<\/li>\n<li>El gallo<\/li>\n<li>Es bien claro<\/li>\n<\/ol>\n","protected":false},"excerpt":{"rendered":"<p>Lluvia \u00c1cida es un proyecto con guitarra de Miquel P\u00e9rez y textos de Pepu Sul\u00e9. El Cd contiene poemas musicados, cantados y recitados algunos de los cuales est\u00e1n integrados en el libro de poesia &#8220;El paraguas libertino&#8221; editado dentro de la colecci\u00f3n\u00a0\u00a0&#8220;La torre de papel&#8221; del Instituto de estudios modernistas de Valencia.<br \/>\n<strong><br \/>\nEn la grabaci\u00f3n del cd han participado:<br \/>\n<\/strong>Guitarra y arreglos: Miquel P\u00e9rez<br \/>\nVoz y textos: Pepu Sul\u00e9<br \/>\nCaj\u00f3n flamenco, bongos y bater\u00eda: Jaume Puig<br \/>\nPiano y xil\u00f3fono: Pau Chafer<br \/>\nIlustraciones: Pepu Sule.<br \/>\nGrabado y mezclado: Pau Chafer en RCE estudios<\/p>\n","protected":false},"featured_media":474,"comment_status":"open","ping_status":"closed","template":"","meta":{"_et_pb_use_builder":"","_et_pb_old_content":"","_et_gb_content_width":"","_links_to":"","_links_to_target":""},"product_brand":[],"product_cat":[124,324],"product_tag":[],"class_list":{"0":"post-1265","1":"product","2":"type-product","3":"status-publish","4":"has-post-thumbnail","6":"product_cat-discos-ca","7":"product_cat-sin-categorizar","9":"first","10":"instock","11":"taxable","12":"shipping-taxable","13":"purchasable","14":"product-type-simple"},"_links":{"self":[{"href":"https:\/\/miquelperez.com\/ca\/wp-json\/wp\/v2\/product\/1265","targetHints":{"allow":["GET"]}}],"collection":[{"href":"https:\/\/miquelperez.com\/ca\/wp-json\/wp\/v2\/product"}],"about":[{"href":"https:\/\/miquelperez.com\/ca\/wp-json\/wp\/v2\/types\/product"}],"replies":[{"embeddable":true,"href":"https:\/\/miquelperez.com\/ca\/wp-json\/wp\/v2\/comments?post=1265"}],"wp:featuredmedia":[{"embeddable":true,"href":"https:\/\/miquelperez.com\/ca\/wp-json\/wp\/v2\/media\/474"}],"wp:attachment":[{"href":"https:\/\/miquelperez.com\/ca\/wp-json\/wp\/v2\/media?parent=1265"}],"wp:term":[{"taxonomy":"product_brand","embeddable":true,"href":"https:\/\/miquelperez.com\/ca\/wp-json\/wp\/v2\/product_brand?post=1265"},{"taxonomy":"product_cat","embeddable":true,"href":"https:\/\/miquelperez.com\/ca\/wp-json\/wp\/v2\/product_cat?post=1265"},{"taxonomy":"product_tag","embeddable":true,"href":"https:\/\/miquelperez.com\/ca\/wp-json\/wp\/v2\/product_tag?post=1265"}],"curies":[{"name":"wp","href":"https:\/\/api.w.org\/{rel}","templated":true}]}}