{"id":1263,"date":"2017-06-01T19:55:53","date_gmt":"2017-06-01T19:55:53","guid":{"rendered":"http:\/\/miquelperez.com\/producto\/esta-la-vida-en-tot\/"},"modified":"2017-08-01T11:39:59","modified_gmt":"2017-08-01T11:39:59","slug":"esta-la-vida-en-tot","status":"publish","type":"product","link":"https:\/\/miquelperez.com\/ca\/producto\/esta-la-vida-en-tot\/","title":{"rendered":"Est\u00e0 la vida en tot"},"content":{"rendered":"<p>Este cd es la primera incursi\u00f3n profesional de Miquel P\u00e9rez en la m\u00fasica popular.<br \/>\nContiene once temas del autor, un tema de Ana Gracia, y una versi\u00f3n del m\u00edtico tema de Bob Dylan: \u201cThe times they are a changing\u201d todas en valenciano.<br \/>\nHa sido producido por Mark Dasousa en los \u201cAtomic Estudios\u201d en Denia de febrero a septiembre del 2012.<\/p>\n<p><strong>TEMAS DEL DISCO<\/strong><\/p>\n<ol>\n<li><strong>A Tot lo que Vinga<\/strong> 3:19<\/li>\n<li><strong>Viatjan pel Temps<\/strong> 3:13<\/li>\n<li><strong>Tot<\/strong> 3:28<\/li>\n<li><strong>Tot l\u2019Amor en Tu<\/strong> 2:56<\/li>\n<li><strong>Passa l\u2019Hivern<\/strong> 4:07<\/li>\n<li><strong>En el teu Somr\u00eds<\/strong> 3:22<\/li>\n<li><strong>Els Temps Estan Canviant<\/strong> 3:08<\/li>\n<li><strong>Torna\u2019m la Fe<\/strong> 3:35<\/li>\n<li><strong>Entenc<\/strong> 4:21<\/li>\n<li><strong>Est\u00e0 la Vida en Tot<\/strong> 3:46<\/li>\n<li><strong>T\u2019Agafar\u00e0s la Son<\/strong> 2:54<\/li>\n<li><strong>Moltes Gr\u00e0cies<\/strong> 3:50<\/li>\n<li><strong>Lluna<\/strong> 3:20<\/li>\n<\/ol>\n","protected":false},"excerpt":{"rendered":"<p>Este cd es la primera incursi\u00f3n profesional de Miquel P\u00e9rez en la m\u00fasica popular.<br \/>\nContiene once temas del autor, un tema de Ana Gracia, y una versi\u00f3n del m\u00edtico tema de Bob Dylan: \u201cThe times they are a changing\u201d todas en valenciano.<br \/>\nHa sido producido por Mark Dasousa en los \u201cAtomic Estudios\u201d en Denia de febrero a septiembre del 2012.<\/p>\n","protected":false},"featured_media":501,"comment_status":"open","ping_status":"closed","template":"","meta":{"_et_pb_use_builder":"","_et_pb_old_content":"","_et_gb_content_width":"","_links_to":"","_links_to_target":""},"product_brand":[],"product_cat":[124,324],"product_tag":[],"class_list":{"0":"post-1263","1":"product","2":"type-product","3":"status-publish","4":"has-post-thumbnail","6":"product_cat-discos-ca","7":"product_cat-sin-categorizar","9":"first","10":"instock","11":"taxable","12":"shipping-taxable","13":"purchasable","14":"product-type-simple"},"_links":{"self":[{"href":"https:\/\/miquelperez.com\/ca\/wp-json\/wp\/v2\/product\/1263","targetHints":{"allow":["GET"]}}],"collection":[{"href":"https:\/\/miquelperez.com\/ca\/wp-json\/wp\/v2\/product"}],"about":[{"href":"https:\/\/miquelperez.com\/ca\/wp-json\/wp\/v2\/types\/product"}],"replies":[{"embeddable":true,"href":"https:\/\/miquelperez.com\/ca\/wp-json\/wp\/v2\/comments?post=1263"}],"wp:featuredmedia":[{"embeddable":true,"href":"https:\/\/miquelperez.com\/ca\/wp-json\/wp\/v2\/media\/501"}],"wp:attachment":[{"href":"https:\/\/miquelperez.com\/ca\/wp-json\/wp\/v2\/media?parent=1263"}],"wp:term":[{"taxonomy":"product_brand","embeddable":true,"href":"https:\/\/miquelperez.com\/ca\/wp-json\/wp\/v2\/product_brand?post=1263"},{"taxonomy":"product_cat","embeddable":true,"href":"https:\/\/miquelperez.com\/ca\/wp-json\/wp\/v2\/product_cat?post=1263"},{"taxonomy":"product_tag","embeddable":true,"href":"https:\/\/miquelperez.com\/ca\/wp-json\/wp\/v2\/product_tag?post=1263"}],"curies":[{"name":"wp","href":"https:\/\/api.w.org\/{rel}","templated":true}]}}