{"id":1260,"date":"2017-05-05T19:56:39","date_gmt":"2017-05-05T19:56:39","guid":{"rendered":"http:\/\/miquelperez.com\/producto\/preludis\/"},"modified":"2020-12-11T15:26:21","modified_gmt":"2020-12-11T15:26:21","slug":"preludis","status":"publish","type":"product","link":"https:\/\/miquelperez.com\/ca\/producto\/preludis\/","title":{"rendered":"Preludis"},"content":{"rendered":"<p>Este disco presenta m\u00fasica original per a guitarra presenta m\u00fasica original compuesta por Miquel P\u00e9rez Perell\u00f3. Una serie de preludios inspirados en poemas de Vicent Andres Estell\u00e9s, m\u00e1s algunas piezas de nueva composici\u00f3n con influencias de diversos estilos musicales.<\/p>\n<p><strong>Preludis per a guitarra<\/strong>,<br \/>\nbasados en poemes de Vicent Andr\u00e9s Estell\u00e9s <strong>y otras piezas.<\/strong><\/p>\n<ol>\n<li>Virgencita (Guajira) 3:23<\/li>\n<li>Oraci\u00f3n 1:33<\/li>\n<li>Can\u00e7\u00f2 de tarda 2:11<\/li>\n<li>El soldat caigut 1:22<\/li>\n<li>Estudi 0:39<\/li>\n<li>Portsaplaya 1:44<\/li>\n<li>Quiero una guitarra madre 1:37PRELUDIS<\/li>\n<li>Introducci\u00f3 al Llibre de D\u00e9nia 2:01<\/li>\n<li>Foscos combats\u2026 0:58<\/li>\n<li>Temps 1:47<\/li>\n<li>Clara la llum\u2026 1:42<\/li>\n<li>Cos enllacat\u2026 1:29<\/li>\n<li>Els capaltards\u2026 1:26<\/li>\n<li>Com camperol\u2026 1:11<\/li>\n<li>Mire la mar\u2026 1:18<\/li>\n<li>Entre els tercets\u2026 1:25<\/li>\n<li>Fonda la rella\u2026 1:13<\/li>\n<li>Han rescatat\u2026 1:02<\/li>\n<li>Cova de l\u2019aigua\u2026 1:20<\/li>\n<li>Com una orant\u2026 1:18<\/li>\n<li>El fang antic\u2026 1:12<\/li>\n<li>Nom esdentat\u2026 1:04<\/li>\n<li>Ac\u00ed hi hagu\u00e9\u2026 1:22<\/li>\n<li>Adeu, remors de fulles i corol.les\u2026 1:35<\/li>\n<li>Em morir\u00e9 entre els solcs\u2026 1:25<\/li>\n<li>Enyorar\u00e9 de Xabia a Calp\u2026 1:12<\/li>\n<li>El Saladar\u2026 1:31<\/li>\n<li>Com un gravat\u2026 1:45<\/li>\n<li>Era la nit de la pirater\u00eda\u2026 1:02<\/li>\n<li>Episcopal\u2026 1:13<\/li>\n<li>Interiors de cavallets de mar\u2026 1:35<\/li>\n<li>Dintre l\u2019aplec\u2026 1:12<\/li>\n<li>Em cremar\u00e9\u2026 1:12<\/li>\n<li>Els paredons d\u2019espesse\u00efda murta\u2026 1:29<\/li>\n<li>Res com a\u00e7\u00f3\u2026 1:53<\/li>\n<li>N\u00favols. \u2013bonus track (a Tonica) 2:38<\/li>\n<\/ol>\n","protected":false},"excerpt":{"rendered":"<p>Este disco presenta m\u00fasica original per a guitarra presenta m\u00fasica original compuesta por Miquel P\u00e9rez Perell\u00f3. Una serie de preludios inspirados en poemas de Vicent Andres Estell\u00e9s, m\u00e1s algunas piezas de nueva composici\u00f3n con influencias de diversos estilos musicales.<\/p>\n<p><strong>Preludis per a guitarra<\/strong>,<br \/>\nbasados en poemes de Vicent Andr\u00e9s Estell\u00e9s <strong>y otras piezas.<\/strong><\/p>\n","protected":false},"featured_media":670,"comment_status":"open","ping_status":"closed","template":"","meta":{"_et_pb_use_builder":"","_et_pb_old_content":"","_et_gb_content_width":"","_links_to":"","_links_to_target":""},"product_brand":[],"product_cat":[124,324],"product_tag":[],"class_list":{"0":"post-1260","1":"product","2":"type-product","3":"status-publish","4":"has-post-thumbnail","6":"product_cat-discos-ca","7":"product_cat-sin-categorizar","9":"first","10":"instock","11":"taxable","12":"shipping-taxable","13":"purchasable","14":"product-type-simple"},"_links":{"self":[{"href":"https:\/\/miquelperez.com\/ca\/wp-json\/wp\/v2\/product\/1260","targetHints":{"allow":["GET"]}}],"collection":[{"href":"https:\/\/miquelperez.com\/ca\/wp-json\/wp\/v2\/product"}],"about":[{"href":"https:\/\/miquelperez.com\/ca\/wp-json\/wp\/v2\/types\/product"}],"replies":[{"embeddable":true,"href":"https:\/\/miquelperez.com\/ca\/wp-json\/wp\/v2\/comments?post=1260"}],"wp:featuredmedia":[{"embeddable":true,"href":"https:\/\/miquelperez.com\/ca\/wp-json\/wp\/v2\/media\/670"}],"wp:attachment":[{"href":"https:\/\/miquelperez.com\/ca\/wp-json\/wp\/v2\/media?parent=1260"}],"wp:term":[{"taxonomy":"product_brand","embeddable":true,"href":"https:\/\/miquelperez.com\/ca\/wp-json\/wp\/v2\/product_brand?post=1260"},{"taxonomy":"product_cat","embeddable":true,"href":"https:\/\/miquelperez.com\/ca\/wp-json\/wp\/v2\/product_cat?post=1260"},{"taxonomy":"product_tag","embeddable":true,"href":"https:\/\/miquelperez.com\/ca\/wp-json\/wp\/v2\/product_tag?post=1260"}],"curies":[{"name":"wp","href":"https:\/\/api.w.org\/{rel}","templated":true}]}}