{"id":1258,"date":"2017-06-15T08:43:24","date_gmt":"2017-06-15T08:43:24","guid":{"rendered":"http:\/\/miquelperez.com\/producto\/homenatge-a-joaquin-rodrigo\/"},"modified":"2021-07-26T06:43:20","modified_gmt":"2021-07-26T06:43:20","slug":"homenatge-a-joaquin-rodrigo","status":"publish","type":"product","link":"https:\/\/miquelperez.com\/ca\/producto\/homenatge-a-joaquin-rodrigo\/","title":{"rendered":"Homenatge a Joaqu\u00edn Rodrigo"},"content":{"rendered":"<p><strong>T\u00edtol del projecte:<\/strong><br \/>\n\u201cHomenatge a Joaqu\u00edn Rodrigo\u201d \u2013Concierto de Aranjuez<br \/>\n<strong>Orquestra:\u00a0<\/strong>O.M.A Orquestra de la Marina Alta<br \/>\n<strong>Guitarra solista:\u00a0<\/strong>Miquel P\u00e9rez Perell\u00f3<br \/>\n<strong>Director:\u00a0<\/strong>Francesc Est\u00e9vez<br \/>\n<strong>Portada:\u00a0<\/strong>\u201cEnsayo 10\u201d de Miguel \u00c1ngel Moya<\/p>\n<p>Aquest projecte presenta un programa de concert basat dues de les obres m\u00e9s conegudes del mestre de Sagunt: \u201cEl Concierto de Aranjuez i la \u201cFanas\u00eda para un gentil hombre\u201d.<br \/>\nAmbdues obres presenten el format de concert per a guitarra solista i orquestra.<\/p>\n<p><strong>Concierto de Aranjuez \u00a0(1939)<\/strong><\/p>\n<ol>\n<li>Allegro con sp\u00edrito 6:23<\/li>\n<li>Adagio 11:29<\/li>\n<li>Allegro gentile 5:19<br \/>\n<strong><br \/>\nFantas\u00eda para un gentilhombre (1954)<\/strong><\/li>\n<li>Villano y Ricercar 5:15<\/li>\n<li>Espa\u00f1oleta y Fanfare de la Caballer\u00eda de N\u00e1poles 10:26<\/li>\n<li>Danza de las Hachas 2:17<\/li>\n<li>Canario 5:11<\/li>\n<li>En los trigales (1938)* 4:10<br \/>\n<strong><br \/>\nTres Piezas Espa\u00f1olas \u00a0(1954)*<\/strong><\/li>\n<li>Fandango 3:56<\/li>\n<li>Passacaglia 5:16<\/li>\n<li>Zapateado 3:13\n<p>*guitarra sola<\/li>\n<\/ol>\n","protected":false},"excerpt":{"rendered":"<p><strong>T\u00edtol del projecte:<\/strong><br \/>\n\u201cHomenatge a Joaqu\u00edn Rodrigo\u201d \u2013Concierto de Aranjuez<br \/>\n<strong>Orquestra:\u00a0<\/strong>O.M.A Orquestra de la Marina Alta<br \/>\n<strong>Guitarra solista:\u00a0<\/strong>Miquel P\u00e9rez Perell\u00f3<br \/>\n<strong>Director:\u00a0<\/strong>Francesc Est\u00e9vez<br \/>\n<strong>Portada:\u00a0<\/strong>\u201cEnsayo 10\u201d de Miguel \u00c1ngel Moya<\/p>\n","protected":false},"featured_media":928,"comment_status":"open","ping_status":"closed","template":"","meta":{"_et_pb_use_builder":"","_et_pb_old_content":"","_et_gb_content_width":"","_links_to":"","_links_to_target":""},"product_brand":[],"product_cat":[124],"product_tag":[],"class_list":{"0":"post-1258","1":"product","2":"type-product","3":"status-publish","4":"has-post-thumbnail","6":"product_cat-discos-ca","8":"first","9":"instock","10":"taxable","11":"shipping-taxable","12":"purchasable","13":"product-type-simple"},"_links":{"self":[{"href":"https:\/\/miquelperez.com\/ca\/wp-json\/wp\/v2\/product\/1258","targetHints":{"allow":["GET"]}}],"collection":[{"href":"https:\/\/miquelperez.com\/ca\/wp-json\/wp\/v2\/product"}],"about":[{"href":"https:\/\/miquelperez.com\/ca\/wp-json\/wp\/v2\/types\/product"}],"replies":[{"embeddable":true,"href":"https:\/\/miquelperez.com\/ca\/wp-json\/wp\/v2\/comments?post=1258"}],"wp:featuredmedia":[{"embeddable":true,"href":"https:\/\/miquelperez.com\/ca\/wp-json\/wp\/v2\/media\/928"}],"wp:attachment":[{"href":"https:\/\/miquelperez.com\/ca\/wp-json\/wp\/v2\/media?parent=1258"}],"wp:term":[{"taxonomy":"product_brand","embeddable":true,"href":"https:\/\/miquelperez.com\/ca\/wp-json\/wp\/v2\/product_brand?post=1258"},{"taxonomy":"product_cat","embeddable":true,"href":"https:\/\/miquelperez.com\/ca\/wp-json\/wp\/v2\/product_cat?post=1258"},{"taxonomy":"product_tag","embeddable":true,"href":"https:\/\/miquelperez.com\/ca\/wp-json\/wp\/v2\/product_tag?post=1258"}],"curies":[{"name":"wp","href":"https:\/\/api.w.org\/{rel}","templated":true}]}}