{"id":1256,"date":"2017-06-20T08:45:08","date_gmt":"2017-06-20T08:45:08","guid":{"rendered":"http:\/\/miquelperez.com\/producto\/miguel-hernandez\/"},"modified":"2017-08-01T11:38:18","modified_gmt":"2017-08-01T11:38:18","slug":"miguel-hernandez","status":"publish","type":"product","link":"https:\/\/miquelperez.com\/ca\/producto\/miguel-hernandez\/","title":{"rendered":"Miguel Hern\u00e1ndez"},"content":{"rendered":"<p>Recita: Vicent Camps<br \/>\nM\u00fasica original: Miquel P\u00e9rez<\/p>\n<p><strong>TEMAS DEL DISCO<\/strong><\/p>\n<ol>\n<li>A\u00a0todos los oriolanos 2:49<\/li>\n<li>En cuclillas orde\u00f1o 1:12<\/li>\n<li>El silbo de afirmaci\u00f3n en la aldea 3:00<\/li>\n<li>Mis ojos sin tus ojos 1:17<\/li>\n<li>Me tiraste un lim\u00f3n 1:04<\/li>\n<li>Te me mueres 1:32<\/li>\n<li>Por tu pie 1:22<\/li>\n<li>Como el toro 2:04<\/li>\n<li>Unbr\u00edo por la pena 1:08<\/li>\n<li>Eleg\u00eda a Ram\u00f3n Sij\u00e9 2:53<\/li>\n<li>Las desiertas abarcas 1:53<\/li>\n<li>Vientos del pueblo me llevan 2:57<\/li>\n<li>Aceituneros * 2:22<\/li>\n<li>El ni\u00f1o yuntero 2:32<\/li>\n<li>Fragmentos del Cancionero y romancero de ausencias 2:56<\/li>\n<li>Antes del odio 3:23<\/li>\n<li>Las nanas de la cebolla * 3:28<\/li>\n<\/ol>\n","protected":false},"excerpt":{"rendered":"<p>Recita: Vicent Camps<br \/>\nM\u00fasica original: Miquel P\u00e9rez<\/p>\n","protected":false},"featured_media":908,"comment_status":"open","ping_status":"closed","template":"","meta":{"_et_pb_use_builder":"","_et_pb_old_content":"","_et_gb_content_width":"","_links_to":"","_links_to_target":""},"product_brand":[],"product_cat":[124,324],"product_tag":[],"class_list":{"0":"post-1256","1":"product","2":"type-product","3":"status-publish","4":"has-post-thumbnail","6":"product_cat-discos-ca","7":"product_cat-sin-categorizar","9":"first","10":"instock","11":"taxable","12":"shipping-taxable","13":"purchasable","14":"product-type-simple"},"_links":{"self":[{"href":"https:\/\/miquelperez.com\/ca\/wp-json\/wp\/v2\/product\/1256","targetHints":{"allow":["GET"]}}],"collection":[{"href":"https:\/\/miquelperez.com\/ca\/wp-json\/wp\/v2\/product"}],"about":[{"href":"https:\/\/miquelperez.com\/ca\/wp-json\/wp\/v2\/types\/product"}],"replies":[{"embeddable":true,"href":"https:\/\/miquelperez.com\/ca\/wp-json\/wp\/v2\/comments?post=1256"}],"wp:featuredmedia":[{"embeddable":true,"href":"https:\/\/miquelperez.com\/ca\/wp-json\/wp\/v2\/media\/908"}],"wp:attachment":[{"href":"https:\/\/miquelperez.com\/ca\/wp-json\/wp\/v2\/media?parent=1256"}],"wp:term":[{"taxonomy":"product_brand","embeddable":true,"href":"https:\/\/miquelperez.com\/ca\/wp-json\/wp\/v2\/product_brand?post=1256"},{"taxonomy":"product_cat","embeddable":true,"href":"https:\/\/miquelperez.com\/ca\/wp-json\/wp\/v2\/product_cat?post=1256"},{"taxonomy":"product_tag","embeddable":true,"href":"https:\/\/miquelperez.com\/ca\/wp-json\/wp\/v2\/product_tag?post=1256"}],"curies":[{"name":"wp","href":"https:\/\/api.w.org\/{rel}","templated":true}]}}