{"id":6044,"date":"2023-03-06T16:13:35","date_gmt":"2023-03-06T16:13:35","guid":{"rendered":"https:\/\/miquelperez.com\/musica-y-media\/"},"modified":"2023-05-24T10:02:18","modified_gmt":"2023-05-24T10:02:18","slug":"musica-y-media","status":"publish","type":"page","link":"https:\/\/miquelperez.com\/ca\/musica-y-media\/","title":{"rendered":"M\u00fasica i media"},"content":{"rendered":"<p>[et_pb_section fb_built=&#8221;1&#8243; _builder_version=&#8221;4.19.5&#8243; _module_preset=&#8221;default&#8221; custom_padding=&#8221;13px|||||&#8221; global_colors_info=&#8221;{}&#8221;][et_pb_row _builder_version=&#8221;4.19.5&#8243; _module_preset=&#8221;default&#8221; background_color=&#8221;#f1f1f1&#8243; border_radii=&#8221;off|20px||20px|&#8221; border_width_all=&#8221;2px&#8221; border_color_all=&#8221;#000000&#8243; box_shadow_style=&#8221;preset1&#8243; global_colors_info=&#8221;{}&#8221;][et_pb_column type=&#8221;4_4&#8243; _builder_version=&#8221;4.19.5&#8243; _module_preset=&#8221;default&#8221; global_colors_info=&#8221;{}&#8221;][et_pb_text _builder_version=&#8221;4.21.0&#8243; _module_preset=&#8221;default&#8221; text_font_size=&#8221;16px&#8221; header_font=&#8221;Artifika|700|||||||&#8221; header_text_color=&#8221;#4f4f4f&#8221; header_line_height=&#8221;1.6em&#8221; custom_padding=&#8221;0px|20px|20px|20px|false|true&#8221; hover_enabled=&#8221;0&#8243; header_text_shadow_style=&#8221;preset3&#8243; header_text_shadow_horizontal_length=&#8221;0.14em&#8221; header_text_shadow_blur_strength=&#8221;0.33em&#8221; header_text_shadow_color=&#8221;#FFFFFF&#8221; global_colors_info=&#8221;{}&#8221; sticky_enabled=&#8221;0&#8243;]<\/p>\n<h1 style=\"text-align: left;\">M\u00daSICA I MEDIA<\/h1>\n<p style=\"text-align: justify;\">Projectes en qu\u00e8 s&#8217;integren diferents disciplines juntament amb la m\u00fasica.<br \/>Us mostrem des d&#8217;espectacles en qu\u00e8 s&#8217;integra la m\u00fasica, la literatura, la pintura, la dansa o l&#8217;audiovisual fins a altres projectes com ara documentals, espots o v\u00eddeos promocionals d&#8217;empresa on he participat com a compositor i m\u00fasic.<\/p>\n<p>[\/et_pb_text][\/et_pb_column][\/et_pb_row][et_pb_row _builder_version=&#8221;4.19.5&#8243; _module_preset=&#8221;default&#8221; global_colors_info=&#8221;{}&#8221;][et_pb_column type=&#8221;4_4&#8243; _builder_version=&#8221;4.19.5&#8243; _module_preset=&#8221;default&#8221; global_colors_info=&#8221;{}&#8221;][et_pb_portfolio fullwidth=&#8221;off&#8221; posts_number=&#8221;100&#8243; include_categories=&#8221;456&#8243; show_categories=&#8221;off&#8221; show_pagination=&#8221;off&#8221; module_class=&#8221;lwp-col-portfolio&#8221; _builder_version=&#8221;4.21.0&#8243; _module_preset=&#8221;default&#8221; title_font=&#8221;Roboto|500|||||||&#8221; title_font_size=&#8221;20px&#8221; caption_text_color=&#8221;#E09900&#8243; text_orientation=&#8221;center&#8221; custom_margin=&#8221;||||false|false&#8221; hover_enabled=&#8221;0&#8243; border_radii_image=&#8221;off|20px|20px||&#8221; border_width_all_image=&#8221;1px&#8221; box_shadow_style_image=&#8221;preset1&#8243; global_colors_info=&#8221;{}&#8221; sticky_enabled=&#8221;0&#8243;][\/et_pb_portfolio][\/et_pb_column][\/et_pb_row][\/et_pb_section]<\/p>\n","protected":false},"excerpt":{"rendered":"<p>M\u00daSICA I MEDIA Projectes en qu\u00e8 s&#8217;integren diferents disciplines juntament amb la m\u00fasica.Us mostrem des d&#8217;espectacles en qu\u00e8 s&#8217;integra la m\u00fasica, la literatura, la pintura, la dansa o l&#8217;audiovisual fins a altres projectes com ara documentals, espots o v\u00eddeos promocionals d&#8217;empresa on he participat com a compositor i m\u00fasic.<\/p>\n","protected":false},"author":1,"featured_media":0,"parent":0,"menu_order":0,"comment_status":"closed","ping_status":"closed","template":"","meta":{"_et_pb_use_builder":"on","_et_pb_old_content":"","_et_gb_content_width":"","footnotes":"","_links_to":"","_links_to_target":""},"class_list":["post-6044","page","type-page","status-publish","hentry"],"_links":{"self":[{"href":"https:\/\/miquelperez.com\/ca\/wp-json\/wp\/v2\/pages\/6044","targetHints":{"allow":["GET"]}}],"collection":[{"href":"https:\/\/miquelperez.com\/ca\/wp-json\/wp\/v2\/pages"}],"about":[{"href":"https:\/\/miquelperez.com\/ca\/wp-json\/wp\/v2\/types\/page"}],"author":[{"embeddable":true,"href":"https:\/\/miquelperez.com\/ca\/wp-json\/wp\/v2\/users\/1"}],"replies":[{"embeddable":true,"href":"https:\/\/miquelperez.com\/ca\/wp-json\/wp\/v2\/comments?post=6044"}],"version-history":[{"count":0,"href":"https:\/\/miquelperez.com\/ca\/wp-json\/wp\/v2\/pages\/6044\/revisions"}],"wp:attachment":[{"href":"https:\/\/miquelperez.com\/ca\/wp-json\/wp\/v2\/media?parent=6044"}],"curies":[{"name":"wp","href":"https:\/\/api.w.org\/{rel}","templated":true}]}}