{"id":4447,"date":"2021-05-28T07:04:22","date_gmt":"2021-05-28T07:04:22","guid":{"rendered":"https:\/\/miquelperez.com\/?page_id=4447"},"modified":"2026-04-09T09:05:20","modified_gmt":"2026-04-09T09:05:20","slug":"biografia","status":"publish","type":"page","link":"https:\/\/miquelperez.com\/ca\/biografia\/","title":{"rendered":"Biografia"},"content":{"rendered":"<p>[et_pb_section fb_built=&#8221;1&#8243; admin_label=&#8221;section&#8221; _builder_version=&#8221;4.16&#8243; background_image=&#8221;https:\/\/miquelperez.com\/wp-content\/uploads\/2017\/05\/miquel-perez-biografia-4.jpg&#8221; parallax=&#8221;on&#8221; parallax_method=&#8221;off&#8221; custom_css_main_element=&#8221;background-size:contain!important;||background-position-x: -60px!important;&#8221; transparent_background=&#8221;off&#8221; make_fullwidth=&#8221;off&#8221; use_custom_width=&#8221;off&#8221; width_unit=&#8221;on&#8221; global_colors_info=&#8221;{}&#8221;][et_pb_row column_structure=&#8221;2_3,1_3&#8243; admin_label=&#8221;row&#8221; _builder_version=&#8221;4.16&#8243; background_size=&#8221;initial&#8221; background_position=&#8221;top_left&#8221; background_repeat=&#8221;repeat&#8221; width=&#8221;100%&#8221; max_width=&#8221;100%&#8221; make_fullwidth=&#8221;on&#8221; use_custom_width=&#8221;on&#8221; width_unit=&#8221;off&#8221; custom_width_percent=&#8221;100%&#8221; global_colors_info=&#8221;{}&#8221;][et_pb_column type=&#8221;2_3&#8243; _builder_version=&#8221;4.16&#8243; custom_padding=&#8221;|30px||30px&#8221; global_colors_info=&#8221;{}&#8221; custom_padding__hover=&#8221;|||&#8221;][et_pb_text admin_label=&#8221;Texto&#8221; _builder_version=&#8221;4.16&#8243; background_size=&#8221;initial&#8221; background_position=&#8221;top_left&#8221; background_repeat=&#8221;repeat&#8221; background_layout=&#8221;dark&#8221; use_border_color=&#8221;off&#8221; border_color=&#8221;#ffffff&#8221; border_style=&#8221;solid&#8221; global_colors_info=&#8221;{}&#8221;]<span style=\"font-size: 30px;\">MIQUEL P\u00c9REZ PERELL\u00d3. <\/span><span style=\"font-size: 20px; color: #000;\">M\u00fasic professional.<\/span><br \/>\n[\/et_pb_text][et_pb_text admin_label=&#8221;Texto&#8221; _builder_version=&#8221;4.16&#8243; background_color=&#8221;rgba(255,255,255,0.96)&#8221; background_size=&#8221;initial&#8221; background_position=&#8221;top_left&#8221; background_repeat=&#8221;repeat&#8221; text_orientation=&#8221;justified&#8221; custom_padding=&#8221;15px|15px|15px|15px&#8221; custom_css_main_element=&#8221;-webkit-border-radius: 10px;||-moz-border-radius: 10px;||border-radius: 10px;||-webkit-box-shadow: 6px 6px 7px -2px rgba(0,0,0,0.39);||-moz-box-shadow: 6px 6px 7px -2px rgba(0,0,0,0.39);||box-shadow: 6px 6px 7px -2px rgba(0,0,0,0.39);&#8221; use_border_color=&#8221;off&#8221; border_color=&#8221;#ffffff&#8221; border_style=&#8221;solid&#8221; global_colors_info=&#8221;{}&#8221;]<\/p>\n<p style=\"text-align: justify;\">\u00c9s un dels guitarristes destacats de la seua generaci\u00f3, m\u00fasic vers\u00e0til que ha profunditzat en la guitarra com a instrument de llarga tradici\u00f3 tant culta com popular. Com a int\u00e8rpret de guitarra actua com a solista i tamb\u00e9 en grups de cambra col\u00b7laborant amb m\u00fasics de prestigi internacional.<\/p>\n<p>[\/et_pb_text][et_pb_text admin_label=&#8221;Texto&#8221; _builder_version=&#8221;4.16&#8243; background_color=&#8221;rgba(255,255,255,0.96)&#8221; background_size=&#8221;initial&#8221; background_position=&#8221;top_left&#8221; background_repeat=&#8221;repeat&#8221; text_orientation=&#8221;justified&#8221; custom_padding=&#8221;15px|15px|15px|15px&#8221; custom_css_main_element=&#8221;-webkit-border-radius: 10px;||-moz-border-radius: 10px;||border-radius: 10px;||-webkit-box-shadow: 6px 6px 7px -2px rgba(0,0,0,0.39);||-moz-box-shadow: 6px 6px 7px -2px rgba(0,0,0,0.39);||box-shadow: 6px 6px 7px -2px rgba(0,0,0,0.39);&#8221; use_border_color=&#8221;off&#8221; border_color=&#8221;#ffffff&#8221; border_style=&#8221;solid&#8221; global_colors_info=&#8221;{}&#8221;]<\/p>\n<p>Comen\u00e7a els seus estudis amb Vicent Ballester a D\u00e9nia d\u2019on \u00e9s ori\u00fcnd, continuant a Alacant on finalitza la seva carrera de guitarra amb el catedr\u00e0tic Jos\u00e9 Tom\u00e1s, alumne predilecte del m\u00edtic Andr\u00e9s Segovia. A Barcelona perfecciona els seus coneixements musicals cursant un postgrau en \u201cL\u2019Escola d\u2019Arts Musicals Luthier\u201d.<\/p>\n<p>[\/et_pb_text][et_pb_text admin_label=&#8221;Texto&#8221; _builder_version=&#8221;4.16&#8243; background_color=&#8221;rgba(255,255,255,0.96)&#8221; background_size=&#8221;initial&#8221; background_position=&#8221;top_left&#8221; background_repeat=&#8221;repeat&#8221; text_orientation=&#8221;justified&#8221; custom_padding=&#8221;15px|15px|15px|15px&#8221; custom_css_main_element=&#8221;-webkit-border-radius: 10px;||-moz-border-radius: 10px;||border-radius: 10px;||-webkit-box-shadow: 6px 6px 7px -2px rgba(0,0,0,0.39);||-moz-box-shadow: 6px 6px 7px -2px rgba(0,0,0,0.39);||box-shadow: 6px 6px 7px -2px rgba(0,0,0,0.39);&#8221; use_border_color=&#8221;off&#8221; border_color=&#8221;#ffffff&#8221; border_style=&#8221;solid&#8221; global_colors_info=&#8221;{}&#8221;]<\/p>\n<p>Ha realitzat un m\u00e0ster d\u2019Investigaci\u00f3 Musical a la VIU (Universitat Internacional de Val\u00e8ncia), aix\u00ed com el \u201cM\u00e1ster en Interpretaci\u00f3n de guitarra cl\u00e1sica\u201d de la Universitat d\u2019Alacant.<br \/>Ha actuat tant en Espanya com en Fran\u00e7a, It\u00e0lia, Su\u00efssa, Alem\u00e0nia, Corea i Xina on ha realitzat masterclass en diverses ciutats. La seua inquietud art\u00edstica el porta a destacar com a compositor-creador en espectacles on tamb\u00e9 la literatura i les arts pl\u00e0stiques s\u00f3n protagonistes, aix\u00ed els seus projectes han recorregut gran part dels teatres i auditoris del nostre territori.<\/p>\n<p>[\/et_pb_text][et_pb_text admin_label=&#8221;Texto&#8221; _builder_version=&#8221;4.16&#8243; background_color=&#8221;rgba(255,255,255,0.96)&#8221; background_size=&#8221;initial&#8221; background_position=&#8221;top_left&#8221; background_repeat=&#8221;repeat&#8221; text_orientation=&#8221;justified&#8221; custom_padding=&#8221;15px|15px|15px|15px&#8221; custom_css_main_element=&#8221;-webkit-border-radius: 10px;||-moz-border-radius: 10px;||border-radius: 10px;||-webkit-box-shadow: 6px 6px 7px -2px rgba(0,0,0,0.39);||-moz-box-shadow: 6px 6px 7px -2px rgba(0,0,0,0.39);||box-shadow: 6px 6px 7px -2px rgba(0,0,0,0.39);&#8221; use_border_color=&#8221;off&#8221; border_color=&#8221;#ffffff&#8221; border_style=&#8221;solid&#8221; global_colors_info=&#8221;{}&#8221;]<\/p>\n<p>Ha impartit classes d\u2019hist\u00f2ria de la m\u00fasica a la Universitat Miguel Hern\u00e1ndez com tamb\u00e9 al \u201cConservatori Superior de M\u00fasica Joaqu\u00edn Rodrigo\u201d de Val\u00e8ncia i \u201cConservatori Superior de M\u00fasica Salvador Segu\u00ed\u201d de Castell\u00f3.<br \/>Resideix a Val\u00e8ncia dedicat exclusivament a l\u2019activitat art\u00edstica. Interpreta els seus concerts amb una valuos\u00edssima guitarra anomenada \u201cLa Campi\u00f1a\u201d constru\u00efda pel guitarrer Jos\u00e9 Lu\u00eds Romanillos, Doctor Honoris causa per la Universitat d\u2019Alacant 2014.<\/p>\n<p>[\/et_pb_text][et_pb_text admin_label=&#8221;Texto&#8221; _builder_version=&#8221;4.27.0&#8243; background_color=&#8221;rgba(255,255,255,0.96)&#8221; background_size=&#8221;initial&#8221; background_position=&#8221;top_left&#8221; background_repeat=&#8221;repeat&#8221; text_orientation=&#8221;justified&#8221; custom_padding=&#8221;15px|15px|15px|15px&#8221; hover_enabled=&#8221;0&#8243; custom_css_main_element=&#8221;-webkit-border-radius: 10px;||-moz-border-radius: 10px;||border-radius: 10px;||-webkit-box-shadow: 6px 6px 7px -2px rgba(0,0,0,0.39);||-moz-box-shadow: 6px 6px 7px -2px rgba(0,0,0,0.39);||box-shadow: 6px 6px 7px -2px rgba(0,0,0,0.39);&#8221; use_border_color=&#8221;off&#8221; border_color=&#8221;#ffffff&#8221; border_style=&#8221;solid&#8221; global_colors_info=&#8221;{}&#8221; disabled_on=&#8221;on|on|on&#8221; disabled=&#8221;on&#8221; sticky_enabled=&#8221;0&#8243;]<\/p>\n<p><strong>Discografia<\/strong>:<\/p>\n<p>&nbsp;<\/p>\n<ul>\n<li>2002. &#8220;<strong>M\u00fasica espa\u00f1ola para dos guitarras&#8221;<\/strong>. Amb el guitarrista Vicent Ballester<\/li>\n<li>2007. Col\u00b7labora amb <strong>Valent\u00edn Bielsa. <\/strong>M\u00fasica per a guitarra de Vicent Ballester.<\/li>\n<li>2007. <strong>Sinfon\u00eda Andaluc\u00eda de Derek Bourgeois&#8221;.<\/strong> Amb L&#8217;Arm\u00f2nica de Bunyol, dirigida per Rank de Vuyst.<\/li>\n<li>2009. &#8220;<strong>El Llibre de D\u00e9nia per Vicent Andr\u00e9s Estell\u00e9s&#8221;. <\/strong>M\u00fasica original Miquel P\u00e9rez.<\/li>\n<li>2011. &#8220;<strong>Preludis per a guitarra&#8221;. <\/strong>Obra per a guitarra original de Miquel P\u00e9rez.<\/li>\n<li>2013. &#8220;<strong>Est\u00e0 la vida en tot&#8221;. <\/strong>Can\u00e7ons originals de Miquel P\u00e9rez.<\/li>\n<li>2014. &#8220;<strong>Homer l\u2019Odissea&#8221;. <\/strong>M\u00fasica original Miquel P\u00e9rez<\/li>\n<li>2015. &#8220;<strong>Marc Granell recitable&#8221;. <\/strong>M\u00fasica original Miquel P\u00e9rez.<\/li>\n<li>2015. &#8220;<strong>Pep Botifarra &amp; Pau Chafer.<\/strong> &#8220;A un home que ve del poble, ning\u00fa fa abaixar la cara&#8221;<\/li>\n<li>2015. &#8220;<strong>Lluvia \u00e1cida.\u00a0 Gota a gota&#8221;.<\/strong> Veu: Pepu Sul\u00e9. Guitarra: Miquel P\u00e9rez<\/li>\n<li>2016. Col\u2022labora en \u201cA un home que ve del poble ning\u00fa fa baixar la cara\u201d Pep Gimeno \u201cEl Botifarra i Pau Chafer\u201d<\/li>\n<li>2017. &#8220;<strong>Miguel Hern\u00e1ndez&#8221;<\/strong>. Recita Vicent Camps. Guitarra: Miquel P\u00e9rez<\/li>\n<li>2017. <strong>\u201cHomenatge a Joaqu\u00edn Rodrigo\u201d<\/strong>. Concert d&#8217;Aranjuez. O.M.A Director: Francesc Est\u00e9vez.<\/li>\n<li>2017. <strong>\u201cCant d\u2019amor i de mort\u201d<\/strong> d\u2019Ausi\u00e0s Marc. M\u00fasica de Miquel P\u00e9rez.<\/li>\n<li>2017. <strong>\u201cHomero la Odissea\u201d<\/strong> (versi\u00f3 castellana). M\u00fasica Original Miquel P\u00e9rez.<\/li>\n<li>2017. <strong>\u201cHomer the Odyssey\u201d<\/strong> (versi\u00f3 anglesa). M\u00fasica Original Miquel P\u00e9rez.<\/li>\n<li>2018. <strong>\u201cSense meta ni rumb\u201d<\/strong>. Miquel P\u00e9rez &amp; Maria Moreno. Poetes valencians musicats per Miquel P\u00e9rez.<\/li>\n<li>2019. Col\u2022labora en <strong>\u201cPep Botifarra &amp; Pau Chafer &#8211; SIMF\u00d2NIC\u201d<\/strong>. Amb la Bratislava Symphony Orchestra.<\/li>\n<li>2020. <strong>\u201cEl dia que me quieras\u201d<\/strong>. Miquel P\u00e9rez interpreta a Carlos Gardel a la guitarra.<\/li>\n<li>2022.<span>\u00a0<\/span><strong>\u201cEl collar de la coloma\u201d<\/strong><span>\u00a0<\/span>Ibn Hazn de C\u00f2rdova (994-1064). Poes\u00eda Andalus\u00ed. M\u00fasica original; Miquel P\u00e8rez<\/li>\n<li>2023. &#8220;<strong>El laberinto de los dioses&#8221;. <\/strong>Textos de Virginia Blanes, m\u00fasica de Miquel P\u00e9rez Perell\u00f3<\/li>\n<\/ul>\n<p>[\/et_pb_text][\/et_pb_column][et_pb_column type=&#8221;1_3&#8243; _builder_version=&#8221;4.16&#8243; custom_padding=&#8221;|||&#8221; global_colors_info=&#8221;{}&#8221; custom_padding__hover=&#8221;|||&#8221;][\/et_pb_column][\/et_pb_row][et_pb_row column_structure=&#8221;1_4,1_4,1_4,1_4&#8243; admin_label=&#8221;Fila&#8221; _builder_version=&#8221;4.16&#8243; background_size=&#8221;initial&#8221; background_position=&#8221;top_left&#8221; background_repeat=&#8221;repeat&#8221; global_colors_info=&#8221;{}&#8221;][et_pb_column type=&#8221;1_4&#8243; _builder_version=&#8221;4.16&#8243; custom_padding=&#8221;|||&#8221; global_colors_info=&#8221;{}&#8221; custom_padding__hover=&#8221;|||&#8221;][et_pb_button button_url=&#8221;https:\/\/miquelperez.com\/wp-content\/uploads\/2021\/05\/Biografia-_-Miquel-Perez-Perello.-Guitarrista-professional.-Music-i-compositor..pdf&#8221; url_new_window=&#8221;on&#8221; button_text=&#8221;Descarregar PDF&#8221; button_alignment=&#8221;center&#8221; admin_label=&#8221;Bot\u00f3n&#8221; _builder_version=&#8221;4.16&#8243; custom_button=&#8221;on&#8221; button_text_color=&#8221;#d9922c&#8221; button_bg_color=&#8221;#ffffff&#8221; button_border_color=&#8221;#d9922c&#8221; button_icon=&#8221;&#xe092;||divi||400&#8243; button_letter_spacing_hover=&#8221;0&#8243; global_colors_info=&#8221;{}&#8221; button_text_size__hover_enabled=&#8221;off&#8221; button_one_text_size__hover_enabled=&#8221;off&#8221; button_two_text_size__hover_enabled=&#8221;off&#8221; button_text_color__hover_enabled=&#8221;off&#8221; button_one_text_color__hover_enabled=&#8221;off&#8221; button_two_text_color__hover_enabled=&#8221;off&#8221; button_border_width__hover_enabled=&#8221;off&#8221; button_one_border_width__hover_enabled=&#8221;off&#8221; button_two_border_width__hover_enabled=&#8221;off&#8221; button_border_color__hover_enabled=&#8221;off&#8221; button_one_border_color__hover_enabled=&#8221;off&#8221; button_two_border_color__hover_enabled=&#8221;off&#8221; button_border_radius__hover_enabled=&#8221;off&#8221; button_one_border_radius__hover_enabled=&#8221;off&#8221; button_two_border_radius__hover_enabled=&#8221;off&#8221; button_letter_spacing__hover_enabled=&#8221;on&#8221; button_letter_spacing__hover=&#8221;0&#8243; button_one_letter_spacing__hover_enabled=&#8221;off&#8221; button_two_letter_spacing__hover_enabled=&#8221;off&#8221; button_bg_color__hover_enabled=&#8221;off&#8221; button_one_bg_color__hover_enabled=&#8221;off&#8221; button_two_bg_color__hover_enabled=&#8221;off&#8221;][\/et_pb_button][\/et_pb_column][et_pb_column type=&#8221;1_4&#8243; _builder_version=&#8221;4.16&#8243; custom_padding=&#8221;|||&#8221; global_colors_info=&#8221;{}&#8221; custom_padding__hover=&#8221;|||&#8221;][et_pb_button button_url=&#8221;https:\/\/miquelperez.com\/discografia\/&#8221; button_text=&#8221;Discografia&#8221; button_alignment=&#8221;center&#8221; admin_label=&#8221;Bot\u00f3n&#8221; _builder_version=&#8221;4.16&#8243; custom_button=&#8221;on&#8221; button_text_color=&#8221;#d9922c&#8221; button_bg_color=&#8221;#ffffff&#8221; button_border_color=&#8221;#d9922c&#8221; button_icon=&#8221;&#xe08e;||divi||400&#8243; button_letter_spacing_hover=&#8221;0&#8243; global_colors_info=&#8221;{}&#8221; button_text_size__hover_enabled=&#8221;off&#8221; button_one_text_size__hover_enabled=&#8221;off&#8221; button_two_text_size__hover_enabled=&#8221;off&#8221; button_text_color__hover_enabled=&#8221;off&#8221; button_one_text_color__hover_enabled=&#8221;off&#8221; button_two_text_color__hover_enabled=&#8221;off&#8221; button_border_width__hover_enabled=&#8221;off&#8221; button_one_border_width__hover_enabled=&#8221;off&#8221; button_two_border_width__hover_enabled=&#8221;off&#8221; button_border_color__hover_enabled=&#8221;off&#8221; button_one_border_color__hover_enabled=&#8221;off&#8221; button_two_border_color__hover_enabled=&#8221;off&#8221; button_border_radius__hover_enabled=&#8221;off&#8221; button_one_border_radius__hover_enabled=&#8221;off&#8221; button_two_border_radius__hover_enabled=&#8221;off&#8221; button_letter_spacing__hover_enabled=&#8221;on&#8221; button_letter_spacing__hover=&#8221;0&#8243; button_one_letter_spacing__hover_enabled=&#8221;off&#8221; button_two_letter_spacing__hover_enabled=&#8221;off&#8221; button_bg_color__hover_enabled=&#8221;off&#8221; button_one_bg_color__hover_enabled=&#8221;off&#8221; button_two_bg_color__hover_enabled=&#8221;off&#8221;][\/et_pb_button][\/et_pb_column][et_pb_column type=&#8221;1_4&#8243; _builder_version=&#8221;4.16&#8243; custom_padding=&#8221;|||&#8221; global_colors_info=&#8221;{}&#8221; custom_padding__hover=&#8221;|||&#8221;][et_pb_button button_url=&#8221;https:\/\/miquelperez.com\/proyectos\/&#8221; button_text=&#8221;Projectes&#8221; button_alignment=&#8221;center&#8221; admin_label=&#8221;Bot\u00f3n&#8221; _builder_version=&#8221;4.16&#8243; custom_button=&#8221;on&#8221; button_text_color=&#8221;#d9922c&#8221; button_bg_color=&#8221;#ffffff&#8221; button_border_color=&#8221;#d9922c&#8221; button_icon=&#8221;&#xe08d;||divi||400&#8243; button_letter_spacing_hover=&#8221;0&#8243; global_colors_info=&#8221;{}&#8221; button_text_size__hover_enabled=&#8221;off&#8221; button_one_text_size__hover_enabled=&#8221;off&#8221; button_two_text_size__hover_enabled=&#8221;off&#8221; button_text_color__hover_enabled=&#8221;off&#8221; button_one_text_color__hover_enabled=&#8221;off&#8221; button_two_text_color__hover_enabled=&#8221;off&#8221; button_border_width__hover_enabled=&#8221;off&#8221; button_one_border_width__hover_enabled=&#8221;off&#8221; button_two_border_width__hover_enabled=&#8221;off&#8221; button_border_color__hover_enabled=&#8221;off&#8221; button_one_border_color__hover_enabled=&#8221;off&#8221; button_two_border_color__hover_enabled=&#8221;off&#8221; button_border_radius__hover_enabled=&#8221;off&#8221; button_one_border_radius__hover_enabled=&#8221;off&#8221; button_two_border_radius__hover_enabled=&#8221;off&#8221; button_letter_spacing__hover_enabled=&#8221;on&#8221; button_letter_spacing__hover=&#8221;0&#8243; button_one_letter_spacing__hover_enabled=&#8221;off&#8221; button_two_letter_spacing__hover_enabled=&#8221;off&#8221; button_bg_color__hover_enabled=&#8221;off&#8221; button_one_bg_color__hover_enabled=&#8221;off&#8221; button_two_bg_color__hover_enabled=&#8221;off&#8221;][\/et_pb_button][\/et_pb_column][et_pb_column type=&#8221;1_4&#8243; _builder_version=&#8221;4.16&#8243; custom_padding=&#8221;|||&#8221; global_colors_info=&#8221;{}&#8221; custom_padding__hover=&#8221;|||&#8221;][et_pb_button button_url=&#8221;https:\/\/miquelperez.com\/videos\/&#8221; button_text=&#8221;V\u00eddeos&#8221; button_alignment=&#8221;center&#8221; admin_label=&#8221;Bot\u00f3n&#8221; _builder_version=&#8221;4.16&#8243; custom_button=&#8221;on&#8221; button_text_color=&#8221;#d9922c&#8221; button_bg_color=&#8221;#ffffff&#8221; button_border_color=&#8221;#d9922c&#8221; button_icon=&#8221;&#xe0a3;||divi||400&#8243; button_letter_spacing_hover=&#8221;0&#8243; global_colors_info=&#8221;{}&#8221; button_text_size__hover_enabled=&#8221;off&#8221; button_one_text_size__hover_enabled=&#8221;off&#8221; button_two_text_size__hover_enabled=&#8221;off&#8221; button_text_color__hover_enabled=&#8221;off&#8221; button_one_text_color__hover_enabled=&#8221;off&#8221; button_two_text_color__hover_enabled=&#8221;off&#8221; button_border_width__hover_enabled=&#8221;off&#8221; button_one_border_width__hover_enabled=&#8221;off&#8221; button_two_border_width__hover_enabled=&#8221;off&#8221; button_border_color__hover_enabled=&#8221;off&#8221; button_one_border_color__hover_enabled=&#8221;off&#8221; button_two_border_color__hover_enabled=&#8221;off&#8221; button_border_radius__hover_enabled=&#8221;off&#8221; button_one_border_radius__hover_enabled=&#8221;off&#8221; button_two_border_radius__hover_enabled=&#8221;off&#8221; button_letter_spacing__hover_enabled=&#8221;on&#8221; button_letter_spacing__hover=&#8221;0&#8243; button_one_letter_spacing__hover_enabled=&#8221;off&#8221; button_two_letter_spacing__hover_enabled=&#8221;off&#8221; button_bg_color__hover_enabled=&#8221;off&#8221; button_one_bg_color__hover_enabled=&#8221;off&#8221; button_two_bg_color__hover_enabled=&#8221;off&#8221;][\/et_pb_button][\/et_pb_column][\/et_pb_row][\/et_pb_section]<\/p>\n","protected":false},"excerpt":{"rendered":"<p>MIQUEL P\u00c9REZ PERELL\u00d3. M\u00fasic professional. \u00c9s un dels guitarristes destacats de la seua generaci\u00f3, m\u00fasic vers\u00e0til que ha profunditzat en la guitarra com a instrument de llarga tradici\u00f3 tant culta com popular. Com a int\u00e8rpret de guitarra actua com a solista i tamb\u00e9 en grups de cambra col\u00b7laborant amb m\u00fasics de prestigi internacional.Comen\u00e7a els seus [&hellip;]<\/p>\n","protected":false},"author":1,"featured_media":0,"parent":0,"menu_order":0,"comment_status":"closed","ping_status":"closed","template":"","meta":{"_et_pb_use_builder":"on","_et_pb_old_content":"","_et_gb_content_width":"","footnotes":"","_links_to":"","_links_to_target":""},"class_list":["post-4447","page","type-page","status-publish","hentry"],"_links":{"self":[{"href":"https:\/\/miquelperez.com\/ca\/wp-json\/wp\/v2\/pages\/4447"}],"collection":[{"href":"https:\/\/miquelperez.com\/ca\/wp-json\/wp\/v2\/pages"}],"about":[{"href":"https:\/\/miquelperez.com\/ca\/wp-json\/wp\/v2\/types\/page"}],"author":[{"embeddable":true,"href":"https:\/\/miquelperez.com\/ca\/wp-json\/wp\/v2\/users\/1"}],"replies":[{"embeddable":true,"href":"https:\/\/miquelperez.com\/ca\/wp-json\/wp\/v2\/comments?post=4447"}],"version-history":[{"count":1,"href":"https:\/\/miquelperez.com\/ca\/wp-json\/wp\/v2\/pages\/4447\/revisions"}],"predecessor-version":[{"id":8122,"href":"https:\/\/miquelperez.com\/ca\/wp-json\/wp\/v2\/pages\/4447\/revisions\/8122"}],"wp:attachment":[{"href":"https:\/\/miquelperez.com\/ca\/wp-json\/wp\/v2\/media?parent=4447"}],"curies":[{"name":"wp","href":"https:\/\/api.w.org\/{rel}","templated":true}]}}